{"id":53,"date":"2015-05-07T21:57:07","date_gmt":"2015-05-08T04:57:07","guid":{"rendered":"https:\/\/blogs.ubc.ca\/amp2015\/?page_id=53"},"modified":"2016-06-16T12:07:29","modified_gmt":"2016-06-16T19:07:29","slug":"program","status":"publish","type":"page","link":"https:\/\/blogs.ubc.ca\/amp2015\/program\/","title":{"rendered":"Program"},"content":{"rendered":"<p>[<a href=\"https:\/\/blogs.ubc.ca\/amp2015\/files\/2015\/10\/AMP2015-booklet-v2.pdf\" target=\"_blank\">download program and abstracts as single PDF &#8212; last update on Oct. 6<\/a>]<\/p>\n<div style=\"padding-left: 0px;\">\n<h1>Friday, October 9 <a href=\"http:\/\/robsonsquare.ubc.ca\/find-us\/\" target=\"_blank\">(Room C300,\u00a0UBC Robson Square)<\/a><\/h1>\n<p><strong>8:30 &#8211; Registration opens<\/strong><\/p>\n<p><b>Tutorial Sessions<\/b><\/p>\n<ul>\n<li>9:00-10:15 &#8211; <a href=\"https:\/\/blogs.ubc.ca\/amp2015\/files\/2015\/10\/Tutorial-Schellenberg.pdf\" target=\"_blank\">Ultrasound Imaging<\/a> (Murray Schellenberg, UBC)<\/li>\n<li>10:15-11:30 &#8211; <a href=\"https:\/\/blogs.ubc.ca\/amp2015\/files\/2015\/10\/Tutorial-Hall.pdf\" target=\"_blank\">Phonological CorpusTools<\/a> (Kathleen Currie Hall, UBC)<\/li>\n<li>11:30-12:45 &#8211; <a href=\"https:\/\/blogs.ubc.ca\/amp2015\/files\/2015\/10\/Tutorial-Urbanczyk.pdf\" target=\"_blank\">Fieldwork on Indigenous Languages<\/a> (Suzanne Urbanczyk, UVic)<\/li>\n<\/ul>\n<p><strong>12:45-2:00 Lunch break (registration open)<\/strong><\/p>\n<p><strong>2:00-2:15 Welcome address (Larry Grant, Musqueam\/UBC)<\/strong><\/p>\n<p><strong>Oral Session 1<\/strong> (Chair: Joe Pater)<\/p>\n<p>2:15-2:45 <a href=\"https:\/\/blogs.ubc.ca\/amp2015\/files\/2015\/09\/AlbrightDo.pdf\" target=\"_blank\">Paradigm uniformity in the lab: prior bias, learned preference, or L1 transfer<\/a>? Adam Albright (MIT) &amp; Youngah Do (Georgetown)<\/p>\n<p>2:45-3:15 <a href=\"https:\/\/blogs.ubc.ca\/amp2015\/files\/2015\/09\/YinWhite.pdf\" target=\"_blank\">Neutralization avoidance and naturalness in the learning of palatalization<\/a>. Heng Yin &amp; James White (University College London)<\/p>\n<p>3:15-3:45 <a href=\"https:\/\/blogs.ubc.ca\/amp2015\/files\/2015\/09\/Moore-Cantwell.pdf\" target=\"_blank\">The phonological grammar is probabilistic: new evidence pitting abstract representation against analogy<\/a>. Claire Moore-Cantwell (Yale)<\/p>\n<p><strong>3:45-4:00 Coffee break<\/strong><\/p>\n<p><strong>Oral Session 2<\/strong> (Chair: Kathleen Currie Hall)<\/p>\n<p>4:00-4:30 <a href=\"https:\/\/blogs.ubc.ca\/amp2015\/files\/2015\/09\/Stanton.pdf\" target=\"_blank\">Environmental shielding is contrast preservation<\/a>. Juliet Stanton (MIT)<br \/>\n<a href=\"https:\/\/blogs.ubc.ca\/amp2015\/files\/2015\/10\/Stanton-handout.pdf\" target=\"_blank\">[handout PDF]<\/a><\/p>\n<p>4:30-5:00 <a href=\"https:\/\/blogs.ubc.ca\/amp2015\/files\/2015\/09\/Gallagher.pdf\" target=\"_blank\">Vowel height and dorsals: allophonic differences cue contrasts<\/a>. Gillian Gallagher (NYU)<\/p>\n<p><strong>5:00-6:00 Plenary Talk<\/strong> (Chair: Ashley Farris-Trimble)<strong><br \/>\n<a href=\"https:\/\/blogs.ubc.ca\/amp2015\/files\/2015\/10\/Plenary-BennettR.pdf\" target=\"_blank\">Prosodic smothering in Macedonian and Kaqchikel<\/a>.\u00a0Ryan Bennett (Yale)<\/strong><\/p>\n<hr \/>\n<h1>Saturday, October 10\u00a0<a href=\"http:\/\/robsonsquare.ubc.ca\/find-us\/\" target=\"_blank\">(Room C300,\u00a0UBC Robson Square)<\/a><\/h1>\n<p><strong>8:30am &#8211; Registration opens<\/strong><\/p>\n<p><strong>Oral Session 3<\/strong> (Chair: Adam Albright)<\/p>\n<p>9:00-9:30 <a href=\"https:\/\/blogs.ubc.ca\/amp2015\/files\/2015\/09\/Jarosz.pdf\" target=\"_blank\">Learning opaque and transparent interactions in Harmonic Serialism<\/a>. Gaja Jarosz (UMass)<\/p>\n<p>9:30-10:00 <a href=\"https:\/\/blogs.ubc.ca\/amp2015\/files\/2015\/09\/KavitskayaStaroverov.pdf\" target=\"_blank\">Stratal OT and underspecification: evidence from Tundra Nenets<\/a>. Darya Kavitskaya (Berkeley) &amp; Peter Staroverov (Leipzig)<\/p>\n<p><strong>10:00-11:30 Poster Session 1 (see list below; coffee available during session)<\/strong><\/p>\n<p><strong>Oral Session 4<\/strong> (Chair: Yue Wang)<\/p>\n<p>11:30-12:00 <a href=\"https:\/\/blogs.ubc.ca\/amp2015\/files\/2015\/09\/WalkerRose.pdf\" target=\"_blank\">Guttural semi-transparency<\/a>. Rachel Walker (USC) &amp; Sharon Rose (UCSD)<\/p>\n<p>12:00-12:30 <a href=\"https:\/\/blogs.ubc.ca\/amp2015\/files\/2015\/09\/Smith.pdf\" target=\"_blank\">A gestural account of neutral segment asymmetries in harmony<\/a>. Caitlin Smith (USC)<\/p>\n<p><strong>12:30-2:00 Lunch break (registration open)<\/strong><\/p>\n<p><strong>Oral Session 5<\/strong> (Chair: Doug Pulleyblank)<\/p>\n<p>2:00-2:30 <a href=\"https:\/\/blogs.ubc.ca\/amp2015\/files\/2015\/09\/ShihInkelas.pdf\" target=\"_blank\">Morphologically-conditioned tonotactics in multilevel Maximum Entropy grammar<\/a>. Stephanie Shih (UC Merced) &amp; Sharon Inkelas (Berkeley)<\/p>\n<p>2:30-3:00 <a href=\"https:\/\/blogs.ubc.ca\/amp2015\/files\/2015\/09\/Kimper.pdf\" target=\"_blank\">Asymmetrical generalisation of harmony triggers<\/a>. Wendell Kimper (Manchester)<\/p>\n<p>3:00-3:30 <a href=\"https:\/\/blogs.ubc.ca\/amp2015\/files\/2015\/09\/Hwangbo.pdf\" target=\"_blank\">Learnability of two vowel harmony patterns with neutral vowels<\/a>. Hyun Jin Hwangbo (Delaware)<\/p>\n<p><strong>3:30-5:00 Poster Session 2\u00a0<strong>(see list below; coffee available during session)<\/strong><\/strong><\/p>\n<p><strong>5:00-6:00 Plenary Talk<\/strong> (Chair: Gunnar Hansson)<strong><br \/>\n<a href=\"https:\/\/blogs.ubc.ca\/amp2015\/files\/2015\/10\/Plenary-Kaisse.pdf\" target=\"_blank\">What kinds of processes are postlexical (and how powerful are they)?<\/a> Ellen Kaisse (Washington).<\/strong><\/p>\n<p><strong>7:00-\u2026 Conference Dinner (Vancouver Room, Metropolitan Hotel Vancouver, <a href=\"https:\/\/www.google.com\/maps\/place\/Metropolitan+Hotel+Vancouver\">645 Howe Street<\/a>)<\/strong><\/p>\n<hr \/>\n<h1>Sunday, October 11 <a href=\"http:\/\/robsonsquare.ubc.ca\/find-us\/\" target=\"_blank\">(Room C150\/C180, UBC Robson Square)<\/a><\/h1>\n<p><strong>Oral Session 6 <\/strong>(Chair: Rachel Walker)<\/p>\n<p>9:00-9:30 <a href=\"https:\/\/blogs.ubc.ca\/amp2015\/files\/2015\/09\/HumeHallWedel.pdf\" target=\"_blank\">Perceptually weak and strong unmarked patterns: a message-based approach<\/a>. Elizabeth Hume (Canterbury), Kathleen Currie Hall (UBC) &amp; Andrew Wedel (Arizona)<\/p>\n<p>9:30-10:00 <a href=\"https:\/\/blogs.ubc.ca\/amp2015\/files\/2015\/09\/MahantaDasGope.pdf\" target=\"_blank\">On the phonetics and phonology of focus marking in Boro<\/a>. Shakuntala Mahanta, Kalyan Das &amp; Amalesh Gope (Indian Institute of Technology Guwahati)<\/p>\n<p><strong>10:00-11:30 Poster session 3\u00a0<strong><strong>(see list below; coffee available during session)<\/strong><\/strong><\/strong><\/p>\n<p><strong>Oral Session 7<\/strong> (Chair: John Alderete)<\/p>\n<p>11:30-12:00 <a href=\"https:\/\/blogs.ubc.ca\/amp2015\/files\/2015\/09\/Lindsey.pdf\" target=\"_blank\">Solving Chuvash stress with sonority-sensitive feet<\/a>. Kate Lynn Lindsey (Stanford)<\/p>\n<p>12:00-12:30 <a href=\"https:\/\/blogs.ubc.ca\/amp2015\/files\/2015\/09\/AnttilaHeuser.pdf\" target=\"_blank\">Phonological and metrical variation across genres<\/a>. Arto Anttila &amp; Ryan Heuser (Stanford)<\/p>\n<p><strong>12:30-2:00 Lunch (catered) + AMP business meeting<\/strong><\/p>\n<p><strong><strong>2:00-3:00 <\/strong>Plenary Talk<\/strong> (Chair: Kevin McMullin)<strong><br \/>\n<a href=\"https:\/\/blogs.ubc.ca\/amp2015\/files\/2015\/10\/Plenary-Zuraw.pdf\" target=\"_blank\">Morphologically complex\u00a0words: pure reduction vs. structure<\/a>. Kie Zuraw (UCLA)<\/strong><\/p>\n<hr \/>\n<hr \/>\n<h1>Poster session 1 <a href=\"http:\/\/robsonsquare.ubc.ca\/find-us\/\" target=\"_blank\">(Saturday 10:00-11:30; foyer outside Room C300)<\/a><\/h1>\n<p><em>(Numbers in brackets indicate assigned poster-board locations.)<\/em><\/p>\n<p><a href=\"https:\/\/blogs.ubc.ca\/amp2015\/files\/2015\/09\/Aldholmi.pdf\" target=\"_blank\">Perceptual deafness as a consequence of nonconcatenativeness<\/a>. Yahya Aldholmi (Wisconsin-Milwaukee) [#1]<\/p>\n<p><a href=\"https:\/\/blogs.ubc.ca\/amp2015\/files\/2015\/09\/Allen.pdf\" target=\"_blank\">Justified naivety: limits on constraint conjunction in inflectional morphology<\/a>. Blake Allen (UBC) [#2]<\/p>\n<p><a href=\"https:\/\/blogs.ubc.ca\/amp2015\/files\/2015\/09\/Finley.pdf\" target=\"_blank\">Generalization beyond similarity: support for abstract phonology<\/a>. Sara Finley (Pacific Lutheran University) [#3]<\/p>\n<p><a href=\"https:\/\/blogs.ubc.ca\/amp2015\/files\/2015\/09\/Golston.pdf\" target=\"_blank\">Hyperhypervoicing in Crow<\/a>. Chris Golston (CSU Fresno) [#4]<\/p>\n<p><a href=\"https:\/\/blogs.ubc.ca\/amp2015\/files\/2015\/09\/Gopal.pdf\" target=\"_blank\">Typological and structural aspects of nasal-lateral assimilations<\/a>. Deepthi Gopal (Manchester) [#5]<\/p>\n<p><a href=\"https:\/\/blogs.ubc.ca\/amp2015\/files\/2015\/09\/Guekguezian.pdf\" target=\"_blank\">Stress and grades in the Creek stem: a consequence of cyclic structure<\/a>. Peter Guekguezian (USC) [#6]<\/p>\n<p><a href=\"https:\/\/blogs.ubc.ca\/amp2015\/files\/2015\/09\/HirayamaHwang.pdf\" target=\"_blank\">The prosodic effects of VP and embedded CP boundaries in Japanese<\/a>. Manami Hirayama (Ritsumeikan) &amp; Hyun Kyung Hwang (NINJAL) [#7]<\/p>\n<p><a href=\"https:\/\/blogs.ubc.ca\/amp2015\/files\/2015\/09\/HuangLin.pdf\" target=\"_blank\">To epenthesize or not? Adaptations of English coda [m] in Standard Mandarin loanwords<\/a>. Ho-Hsin Huang &amp; Yen-Hwei Lin (Michigan State University) [#8]<\/p>\n<p><a href=\"https:\/\/blogs.ubc.ca\/amp2015\/files\/2015\/09\/Jesney.pdf\" target=\"_blank\">On the relationship between learning sequence and rate of acquisition<\/a>. Karen Jesney (USC) [#9]<\/p>\n<p><a href=\"https:\/\/blogs.ubc.ca\/amp2015\/files\/2015\/09\/Kumagai.pdf\" target=\"_blank\">Resolving the issue of the target of vowel copy in Fijian loanwords<\/a>. Gakuji Kumagai (Tokyo Metropolitan University) [#10]<\/p>\n<p><a href=\"https:\/\/blogs.ubc.ca\/amp2015\/files\/2015\/09\/Lin.pdf\" target=\"_blank\">What matters in artificial learning, sonority hierarchy or natural classes<\/a>? Yu-Leng Lin (Toronto) [#11]<\/p>\n<p><a href=\"https:\/\/blogs.ubc.ca\/amp2015\/files\/2015\/09\/Petersen.pdf\" target=\"_blank\">Vowel dispersion in English diphthongs: evidence from adult production<\/a>. Stacy Petersen (Georgetown) [#12]<\/p>\n<p><a href=\"https:\/\/blogs.ubc.ca\/amp2015\/files\/2015\/09\/PizzoPater.pdf\" target=\"_blank\">Learning alternations affects phonotactic judgments<\/a>. Presley Pizzo &amp; Joe Pater (UMass) [#13]<\/p>\n<p><a href=\"https:\/\/blogs.ubc.ca\/amp2015\/files\/2015\/09\/TemkinMartinezM\u00fcllner.pdf\" target=\"_blank\">Specific exceptions driving variation: the case of spirantization in Modern Hebrew<\/a>. Michal Temkin Martinez &amp; Ivana M\u00fcllner (Boise State University) [#14]<br \/>\n<a href=\"https:\/\/blogs.ubc.ca\/amp2015\/files\/2016\/02\/TemkinMartinezMullner-poster.pdf\" target=\"_blank\">[poster PDF]<\/a><\/p>\n<p><a href=\"https:\/\/blogs.ubc.ca\/amp2015\/files\/2015\/09\/TkachmanEtAl.pdf\" target=\"_blank\">Sign language phonetic annotation meets Phonological CorpusTools: towards a sign language toolset for phonetic notation and phonological analysis<\/a>. Oksana Tkachman, Kathleen Currie Hall, Andr\u00e9 Xavier &amp; Bryan Gick (UBC) [#15]<\/p>\n<p><a href=\"https:\/\/blogs.ubc.ca\/amp2015\/files\/2015\/09\/TwahaMahanta.pdf\" target=\"_blank\">The phonology of contrastive focus in Standard Colloquial Assamese<\/a>. Asim Twaha &amp; Shakuntala Mahanta (Indian Institute of Technology Guwahati) [#16]<\/p>\n<p><del><a href=\"https:\/\/blogs.ubc.ca\/amp2015\/files\/2015\/09\/Weber.pdf\" target=\"_blank\">Morphoprosodic structure and categorization in Blackfoot nominals<\/a>. Natalie Weber (UBC) [#17]<\/del>\u00a0<span style=\"color: #ff0000;\">WITHDRAWN<\/span><\/p>\n<p><a href=\"https:\/\/blogs.ubc.ca\/amp2015\/files\/2015\/09\/WilsonDavidson.pdf\" target=\"_blank\">A voicing asymmetry in nonnative cluster epenthesis: perception vs. production<\/a>. Colin Wilson (Johns Hopkins) &amp; Lisa Davidson (NYU) [#18]<\/p>\n<hr \/>\n<h1>Poster session 2 <a href=\"http:\/\/robsonsquare.ubc.ca\/find-us\/\" target=\"_blank\">(Saturday 3:30-5:00; foyer outside Room C300)<\/a><\/h1>\n<p><em>(Numbers in brackets indicate assigned poster-board locations.)<\/em><\/p>\n<p><a href=\"https:\/\/blogs.ubc.ca\/amp2015\/files\/2015\/09\/Bakovic.pdf\" target=\"_blank\">The relative and the absolute: the Tunica stress conspiracy revisited<\/a>. Eric Bakovi\u0107 (UCSD) [#1]<\/p>\n<p><a href=\"https:\/\/blogs.ubc.ca\/amp2015\/files\/2015\/09\/BellikKalivoda.pdf\" target=\"_blank\">Adjunction and branchingness effects in Match Theory<\/a>. Jennifer Bellik &amp; Nick Kalivoda (UCSC) [#2]<\/p>\n<p><a href=\"https:\/\/blogs.ubc.ca\/amp2015\/files\/2015\/09\/Blumenfeld.pdf\" target=\"_blank\">Long-last in language, short-last in verse<\/a>. Lev Blumenfeld (Carleton) [#3]<\/p>\n<p><a href=\"https:\/\/blogs.ubc.ca\/amp2015\/files\/2015\/09\/BraverBennett.pdf\" target=\"_blank\">Abstract morphological information cued by phonotactics: noun class disambiguation in Xhosa<\/a>. Aaron Braver (Texas Tech) &amp; William Bennett (Rhodes) [#4]<\/p>\n<p><a href=\"https:\/\/blogs.ubc.ca\/amp2015\/files\/2015\/09\/Breteler.pdf\" target=\"_blank\">A foot-based Harmonic Serialism typology of Bantu bounded tone<\/a>. Jeroen Breteler (Amsterdam) [#5]<\/p>\n<p><a href=\"https:\/\/blogs.ubc.ca\/amp2015\/files\/2015\/09\/Garcia.pdf\" target=\"_blank\">Extrametricality and second language acquisition<\/a>. Guilherme Duarte Garcia (McGill) [#6]<\/p>\n<p><a href=\"https:\/\/blogs.ubc.ca\/amp2015\/files\/2015\/09\/GietzJurgecPercival.pdf\" target=\"_blank\">Shift happens! Shifting in Harmonic Serialism<\/a>. Frederick Gietz, Peter Jurgec &amp; Maida Percival (Toronto) [#7]<\/p>\n<p><a href=\"https:\/\/blogs.ubc.ca\/amp2015\/files\/2015\/09\/HargusBeavert.pdf\" target=\"_blank\">Sahaptin: between stress and tone<\/a>. Sharon Hargus (Washington) &amp; Virginia Beavert (Oregon) [#8]<\/p>\n<p><a href=\"https:\/\/blogs.ubc.ca\/amp2015\/files\/2015\/09\/HydeParamore.pdf\" target=\"_blank\">Prosodic subcategorization, infixation, and relation-specific alignment<\/a>. Brett Hyde &amp; Jonathan Paramore (Washington University) [#9]<\/p>\n<p><a href=\"https:\/\/blogs.ubc.ca\/amp2015\/files\/2015\/09\/iacoponi.pdf\" target=\"_blank\">The typology of Headed Agreement By Correspondence<\/a>. Luca Iacoponi (Rutgers) [#10]<\/p>\n<p><a href=\"https:\/\/blogs.ubc.ca\/amp2015\/files\/2015\/09\/JardineHeinz.pdf\" target=\"_blank\">Well-formed tone mappings with local, inviolable surface constraints<\/a>. Adam Jardine &amp; Jeffrey Heinz (Delaware) [#11]<\/p>\n<p><a href=\"https:\/\/blogs.ubc.ca\/amp2015\/files\/2015\/09\/Kaplan.pdf\" target=\"_blank\">Long-distance licensing in Harmonic Grammar<\/a>. Aaron Kaplan (Utah) [#12]<\/p>\n<p><a href=\"https:\/\/blogs.ubc.ca\/amp2015\/files\/2015\/09\/Ozburn.pdf\" target=\"_blank\">Partial identity preference in Oromo co-occurrence restrictions<\/a>. Avery Ozburn (UBC) [#13]<\/p>\n<p><a href=\"https:\/\/blogs.ubc.ca\/amp2015\/files\/2015\/09\/Rasin.pdf\" target=\"_blank\">Constraints on URs and blocking in nonderived environments<\/a>. Ezer Rasin (MIT) [#14]<\/p>\n<p><a href=\"https:\/\/blogs.ubc.ca\/amp2015\/files\/2015\/09\/Shih.pdf\" target=\"_blank\">Sonority-driven stress does not exist<\/a>. Shu-hao Shih (Rutgers) [#15]<\/p>\n<p><a href=\"https:\/\/blogs.ubc.ca\/amp2015\/files\/2015\/09\/BrownYang.pdf\" target=\"_blank\">The emergence of the binary foot in Mandarin<\/a>. Jason Brown &amp; Shuxia Yang (Auckland) [#16]<\/p>\n<p><a href=\"https:\/\/blogs.ubc.ca\/amp2015\/files\/2015\/09\/Yun.pdf\" target=\"_blank\">Complete flapping through polysyllabic shortening in English<\/a>. Gwanhi Yun (Daegu University) [#17]<\/p>\n<hr \/>\n<h1>Poster session 3 <a href=\"http:\/\/robsonsquare.ubc.ca\/find-us\/\" target=\"_blank\">(Sunday 10:00-11:30; Room C150\/C180)<\/a><\/h1>\n<p><em>(Numbers in brackets indicate assigned poster-board locations.)<\/em><\/p>\n<p><a href=\"https:\/\/blogs.ubc.ca\/amp2015\/files\/2015\/09\/Bennett.pdf\" target=\"_blank\">Formally mapping the typologies of interacting ABCD systems<\/a>. William Bennett (Rhodes) [#1]<\/p>\n<p><a href=\"https:\/\/blogs.ubc.ca\/amp2015\/files\/2015\/09\/Chong.pdf\" target=\"_blank\">Exploring the relationship between static and dynamic generalizations in learning<\/a>. Adam Chong (UCLA) [#2]<\/p>\n<p><a href=\"https:\/\/blogs.ubc.ca\/amp2015\/files\/2015\/09\/Duncan.pdf\" target=\"_blank\">\u201cTense\u201d \/\u00e6\/ is still lax: a phonotactics study<\/a>. Daniel Duncan (NYU) [#3]<\/p>\n<p><a href=\"https:\/\/blogs.ubc.ca\/amp2015\/files\/2015\/09\/DurvasulaLiter.pdf\" target=\"_blank\">Learning generalisations in the face of ambiguous data<\/a>. Karthik Durvasula &amp; Adam Liter (Michigan State University) [#4]<\/p>\n<p><a href=\"https:\/\/blogs.ubc.ca\/amp2015\/files\/2015\/09\/EasterdayOcchino-Kehoe.pdf\" target=\"_blank\">Articulatory retiming: investigations from cross-modal linguistic evidence<\/a>. Shelece Easterday &amp; Corinne Occhino-Kehoe (UNM) [#5]<\/p>\n<p><a href=\"https:\/\/blogs.ubc.ca\/amp2015\/files\/2015\/09\/HermansTorres.pdf\" target=\"_blank\">Onset weight with branchingness constraints: the case of Pirah\u00e3<\/a>. Ben Hermans (Meertens\/VU Amsterdam) &amp; Francesc Torres-Tamarit (CNRS\/Paris 8) [#6]<\/p>\n<p><a href=\"https:\/\/blogs.ubc.ca\/amp2015\/files\/2015\/09\/Huang.pdf\" target=\"_blank\">Exploring the syntax-phonology interface: the effect of freestanding form<\/a>. Yujing Huang (Harvard) [#7]<\/p>\n<p><a href=\"https:\/\/blogs.ubc.ca\/amp2015\/files\/2015\/09\/Lapierre.pdf\" target=\"_blank\">An acoustic and theoretical analysis of the nasal vowels of Me\u0303b\u00eang\u00f4kre and Panar\u00e1<\/a>. Myriam Lapierre (Ottawa) [#8]<br \/>\n<a href=\"https:\/\/blogs.ubc.ca\/amp2015\/files\/2016\/02\/Lapierre-poster.pdf\" target=\"_blank\">[poster PDF]<\/a><\/p>\n<p><a href=\"https:\/\/blogs.ubc.ca\/amp2015\/files\/2015\/09\/McCollum.pdf\" target=\"_blank\">Modeling the gradient evolution and decay of harmony systems<\/a>. Adam McCollum (UCSD) [#9]<\/p>\n<p><a href=\"https:\/\/blogs.ubc.ca\/amp2015\/files\/2015\/09\/NoguchiHudsonKam.pdf\" target=\"_blank\">Learning the context-dependent perception of novel speech sounds<\/a>. Masaki Noguchi &amp; Carla Hudson Kam (UBC) [#10]<\/p>\n<p><a href=\"https:\/\/blogs.ubc.ca\/amp2015\/files\/2015\/09\/OzburnJurgec.pdf\" target=\"_blank\">Blocking in Slovenian sibilant harmony: a perception experiment<\/a>. Avery Ozburn (UBC) &amp; Peter Jurgec (Toronto) [#11]<\/p>\n<p><a href=\"https:\/\/blogs.ubc.ca\/amp2015\/files\/2015\/09\/RebrusTorkenczy.pdf\" target=\"_blank\">An \u2018unnatural\u2019 pattern of variation in vowel harmony: a frequency-based account<\/a>. P\u00e9ter Rebrus &amp; Mikl\u00f3s T\u00f6rkenczy (Hungarian Academy of Sciences) [#12]<br \/>\n<a href=\"https:\/\/blogs.ubc.ca\/amp2015\/files\/2015\/10\/RebrusTorkenczy-poster.pdf\" target=\"_blank\">[poster PDF]<\/a><\/p>\n<p><a href=\"https:\/\/blogs.ubc.ca\/amp2015\/files\/2015\/09\/TeligaAgbayaniGolston.pdf\" target=\"_blank\">Phonological movement in Ukrainian<\/a>. Victoria Teliga (London), Brian Agbayani (CSU Fresno) &amp; Chris Golston (CSU Fresno) [#13]<br \/>\n<a href=\"https:\/\/blogs.ubc.ca\/amp2015\/files\/2015\/10\/TeligaEtAl-poster.pdf\" target=\"_blank\">[poster PDF]<\/a><\/p>\n<p><a href=\"https:\/\/blogs.ubc.ca\/amp2015\/files\/2015\/09\/Zimmermann.pdf\" target=\"_blank\">Tonal suppletion as multi-modal featural affixation<\/a>. Eva Zimmermann (Leipzig) [#14]<\/p>\n<\/div>\n","protected":false},"excerpt":{"rendered":"<p>[download program and abstracts as single PDF &#8212; last update on Oct. 6] Friday, October 9 (Room C300,\u00a0UBC Robson Square) 8:30 &#8211; Registration opens Tutorial Sessions 9:00-10:15 &#8211; Ultrasound Imaging (Murray Schellenberg, UBC) 10:15-11:30 &#8211; Phonological CorpusTools (Kathleen Currie Hall, &hellip; <a href=\"https:\/\/blogs.ubc.ca\/amp2015\/program\/\">Continue reading <span class=\"meta-nav\">&rarr;<\/span><\/a><\/p>\n","protected":false},"author":7426,"featured_media":0,"parent":0,"menu_order":0,"comment_status":"closed","ping_status":"open","template":"","meta":{"footnotes":""},"class_list":["post-53","page","type-page","status-publish","hentry"],"_links":{"self":[{"href":"https:\/\/blogs.ubc.ca\/amp2015\/wp-json\/wp\/v2\/pages\/53","targetHints":{"allow":["GET"]}}],"collection":[{"href":"https:\/\/blogs.ubc.ca\/amp2015\/wp-json\/wp\/v2\/pages"}],"about":[{"href":"https:\/\/blogs.ubc.ca\/amp2015\/wp-json\/wp\/v2\/types\/page"}],"author":[{"embeddable":true,"href":"https:\/\/blogs.ubc.ca\/amp2015\/wp-json\/wp\/v2\/users\/7426"}],"replies":[{"embeddable":true,"href":"https:\/\/blogs.ubc.ca\/amp2015\/wp-json\/wp\/v2\/comments?post=53"}],"version-history":[{"count":46,"href":"https:\/\/blogs.ubc.ca\/amp2015\/wp-json\/wp\/v2\/pages\/53\/revisions"}],"predecessor-version":[{"id":316,"href":"https:\/\/blogs.ubc.ca\/amp2015\/wp-json\/wp\/v2\/pages\/53\/revisions\/316"}],"wp:attachment":[{"href":"https:\/\/blogs.ubc.ca\/amp2015\/wp-json\/wp\/v2\/media?parent=53"}],"curies":[{"name":"wp","href":"https:\/\/api.w.org\/{rel}","templated":true}]}}