{"id":32,"date":"2020-11-10T20:59:50","date_gmt":"2020-11-11T03:59:50","guid":{"rendered":"https:\/\/blogs.ubc.ca\/colloqueefcp\/?page_id=32"},"modified":"2020-12-14T15:15:30","modified_gmt":"2020-12-14T22:15:30","slug":"appel-a-communications","status":"publish","type":"page","link":"https:\/\/blogs.ubc.ca\/colloqueefcp\/appel-a-communications\/","title":{"rendered":"Appel \u00e0 communications"},"content":{"rendered":"<p>Organis\u00e9 annuellement par trois universit\u00e9s de la c\u00f4te ouest canadienne (SFU, UBC, UVic), le Colloque en \u00e9tudes francophones de la c\u00f4te pacifique (CEFCP) s\u2019adresse aux \u00e9tudiant.e.s des cycles sup\u00e9rieurs (ma\u00eetrise et doctorat) dans le domaine des \u00e9tudes francophones en lien avec l\u2019\u00e9ducation, les \u00e9tudes culturelles, litt\u00e9raires et linguistiques et les sciences sociales. Cette manifestation vise le partage et la r\u00e9flexion collective autour d\u2019enjeux vastes et inclusifs qui interrogent nos savoirs, savoir-faire et savoir-\u00eatre. Le CEFCP est ouvert \u00e0 la communaut\u00e9 \u00e9tudiante canadienne et internationale.<\/p>\n<p><strong>En raison de la crise sanitaire actuelle, le colloque 2021 se tiendra enti\u00e8rement en ligne les 6 et 7 mai 2021.<\/strong><\/p>\n<p>Se jouant des cat\u00e9gories institutionnelles et des hi\u00e9rarchies fixes, les ph\u00e9nom\u00e8nes linguistiques, sociaux et culturels se diss\u00e9minent de mani\u00e8re souvent impr\u00e9visible et se r\u00e9pandent dans des directions et selon des modalit\u00e9s inattendues. Le contexte pand\u00e9mique que nous traversons nous incite \u00e0 r\u00e9fl\u00e9chir aux notions de contact, de transmission et de viralit\u00e9, et \u00e0 la mani\u00e8re dont elles tissent des r\u00e9seaux \u00e9mergents et transversaux, pour le meilleur et pour le pire. Le pr\u00e9sent appel s\u2019adresse aux \u00e9tudiant.e.s des cycles sup\u00e9rieurs travaillant sur des questions francophones, particuli\u00e8rement en lien avec l\u2019\u00e9ducation, les \u00e9tudes culturelles, litt\u00e9raires et linguistiques, sans exclure tous ceux d\u2019autres sp\u00e9cialit\u00e9s s\u2019int\u00e9ressant de pr\u00e8s aux territoires et cultures francophones et \u00e0 la langue fran\u00e7aise dans le cadre de leurs recherches (histoire, g\u00e9ographie, \u00e9conomie, sociologie, etc.). Les propositions et les communications seront en fran\u00e7ais.<\/p>\n<p>Nous sollicitons cette ann\u00e9e des communications sur les axes de r\u00e9flexion suivants (qui ne sont pas exclusifs)\u00a0:<\/p>\n<ul>\n<li>Les zones fronti\u00e8res et les zones de contact<\/li>\n<li>Les transmissions historiques, les h\u00e9ritages et les influences<\/li>\n<li>L\u2019hybridation et le brouillage des cat\u00e9gories<\/li>\n<li>Le plurilinguisme<\/li>\n<li>La diffusion des id\u00e9es<\/li>\n<li>Les nouvelles technologies et les r\u00e9seaux sociaux<\/li>\n<li>La notion d\u2019\u00e9mergence<\/li>\n<li>Les id\u00e9ologies et le contact<\/li>\n<li>Les contacts et interactions interculturels<\/li>\n<li>La transmission des savoirs<\/li>\n<li>La production et traduction de textes<\/li>\n<li>L\u2019interaction orale et les textes oraux<\/li>\n<\/ul>\n<p>Les propositions de communication (250 \u00e0 350 mots maximum) devront parvenir \u00e0 l\u2019adresse suivante\u00a0:\u00a0<a href=\"mailto:colloqueEFCP2021@gmail.com\">colloqueEFCP2021@gmail.com<\/a>\u00a0au plus tard <strong>le 15 f\u00e9vrier 2021<\/strong>.<\/p>\n<p>Les soumissions recevront un avis d\u2019acceptation au plus tard le 15\u00a0mars 2021.<\/p>\n<p>Pour toute question:\u00a0<a href=\"https:\/\/blogs.ubc.ca\/colloqueefcp\/nous-rejoindre\/\">Nous rejoindre<\/a><\/p>\n","protected":false},"excerpt":{"rendered":"<p class=\"post-excerpt\">Organis\u00e9 annuellement par trois universit\u00e9s de la c\u00f4te ouest canadienne (SFU, UBC, UVic), le Colloque en \u00e9tudes francophones de la&#8230;<\/p>\n","protected":false},"author":22993,"featured_media":0,"parent":0,"menu_order":0,"comment_status":"closed","ping_status":"closed","template":"","meta":{"footnotes":""},"class_list":["post-32","page","type-page","status-publish","hentry"],"_links":{"self":[{"href":"https:\/\/blogs.ubc.ca\/colloqueefcp\/wp-json\/wp\/v2\/pages\/32","targetHints":{"allow":["GET"]}}],"collection":[{"href":"https:\/\/blogs.ubc.ca\/colloqueefcp\/wp-json\/wp\/v2\/pages"}],"about":[{"href":"https:\/\/blogs.ubc.ca\/colloqueefcp\/wp-json\/wp\/v2\/types\/page"}],"author":[{"embeddable":true,"href":"https:\/\/blogs.ubc.ca\/colloqueefcp\/wp-json\/wp\/v2\/users\/22993"}],"replies":[{"embeddable":true,"href":"https:\/\/blogs.ubc.ca\/colloqueefcp\/wp-json\/wp\/v2\/comments?post=32"}],"version-history":[{"count":10,"href":"https:\/\/blogs.ubc.ca\/colloqueefcp\/wp-json\/wp\/v2\/pages\/32\/revisions"}],"predecessor-version":[{"id":122,"href":"https:\/\/blogs.ubc.ca\/colloqueefcp\/wp-json\/wp\/v2\/pages\/32\/revisions\/122"}],"wp:attachment":[{"href":"https:\/\/blogs.ubc.ca\/colloqueefcp\/wp-json\/wp\/v2\/media?parent=32"}],"curies":[{"name":"wp","href":"https:\/\/api.w.org\/{rel}","templated":true}]}}