{"id":34,"date":"2020-11-10T21:00:26","date_gmt":"2020-11-11T04:00:26","guid":{"rendered":"https:\/\/blogs.ubc.ca\/colloqueefcp\/?page_id=34"},"modified":"2021-05-03T11:46:49","modified_gmt":"2021-05-03T18:46:49","slug":"programme","status":"publish","type":"page","link":"https:\/\/blogs.ubc.ca\/colloqueefcp\/programme\/","title":{"rendered":"Programme"},"content":{"rendered":"<p>Veuillez trouver le programme complet ici:\u00a0<strong><a href=\"https:\/\/blogs.ubc.ca\/colloqueefcp\/files\/2021\/04\/Programmation-CEFCP2021.pdf\">Programmation CEFCP2021<\/a><\/strong><\/p>\n<p>Prof. Claire Kramsch sera notre oratrice invit\u00e9e en <a href=\"https:\/\/blogs.ubc.ca\/colloqueefcp\/oratrice-invitee\/\"><strong>s\u00e9ance pl\u00e9ni\u00e8re (lien ici)<\/strong>.<\/a><\/p>\n<p>Prof. James Costa sera notre orateur invit\u00e9 en <strong><a href=\"https:\/\/blogs.ubc.ca\/colloqueefcp\/prof-james-costa\/\">s\u00e9ance pl\u00e9ni\u00e8re (lien ici).<\/a><\/strong><\/p>\n<p>La description des pr\u00e9sentations et la biographie des pr\u00e9sentateurs et pr\u00e9sentatrices sont disponibles dans ces documents:<\/p>\n<ul>\n<li><a href=\"https:\/\/blogs.ubc.ca\/colloqueefcp\/files\/2021\/05\/Description-des-pre\u0301sentations-1.pdf\"><strong>Description des pre\u0301sentations<\/strong><\/a><\/li>\n<li><a href=\"https:\/\/blogs.ubc.ca\/colloqueefcp\/files\/2021\/04\/Biographie-des-pre\u0301sentateurs.pdf\">Biographie des pre\u0301sentateurs<\/a><\/li>\n<\/ul>\n<p>Pour vous inscrire au colloque, veuillez compl\u00e9ter le <a href=\"https:\/\/ubc.ca1.qualtrics.com\/jfe\/form\/SV_9WVfYyLRHJzVaMS\"><strong>formulaire d&rsquo;inscription (lien ici)<\/strong><\/a>.<\/p>\n","protected":false},"excerpt":{"rendered":"<p class=\"post-excerpt\">Veuillez trouver le programme complet ici:\u00a0Programmation CEFCP2021 Prof. Claire Kramsch sera notre oratrice invit\u00e9e en s\u00e9ance pl\u00e9ni\u00e8re (lien ici). Prof&#8230;.<\/p>\n","protected":false},"author":22993,"featured_media":0,"parent":0,"menu_order":0,"comment_status":"closed","ping_status":"closed","template":"","meta":{"footnotes":""},"class_list":["post-34","page","type-page","status-publish","hentry"],"_links":{"self":[{"href":"https:\/\/blogs.ubc.ca\/colloqueefcp\/wp-json\/wp\/v2\/pages\/34","targetHints":{"allow":["GET"]}}],"collection":[{"href":"https:\/\/blogs.ubc.ca\/colloqueefcp\/wp-json\/wp\/v2\/pages"}],"about":[{"href":"https:\/\/blogs.ubc.ca\/colloqueefcp\/wp-json\/wp\/v2\/types\/page"}],"author":[{"embeddable":true,"href":"https:\/\/blogs.ubc.ca\/colloqueefcp\/wp-json\/wp\/v2\/users\/22993"}],"replies":[{"embeddable":true,"href":"https:\/\/blogs.ubc.ca\/colloqueefcp\/wp-json\/wp\/v2\/comments?post=34"}],"version-history":[{"count":16,"href":"https:\/\/blogs.ubc.ca\/colloqueefcp\/wp-json\/wp\/v2\/pages\/34\/revisions"}],"predecessor-version":[{"id":168,"href":"https:\/\/blogs.ubc.ca\/colloqueefcp\/wp-json\/wp\/v2\/pages\/34\/revisions\/168"}],"wp:attachment":[{"href":"https:\/\/blogs.ubc.ca\/colloqueefcp\/wp-json\/wp\/v2\/media?parent=34"}],"curies":[{"name":"wp","href":"https:\/\/api.w.org\/{rel}","templated":true}]}}