{"id":80,"date":"2017-10-19T08:32:17","date_gmt":"2017-10-19T15:32:17","guid":{"rendered":"https:\/\/blogs.ubc.ca\/mobilemethods\/?page_id=80"},"modified":"2017-12-06T11:14:13","modified_gmt":"2017-12-06T18:14:13","slug":"seminar-3-technology-and-disability","status":"publish","type":"page","link":"https:\/\/blogs.ubc.ca\/mobilemethods\/seminar-3-technology-and-disability\/","title":{"rendered":"Seminar #3 \u2013 Technology and Disability"},"content":{"rendered":"<h3>Technology in research with and for people with disabilities<\/h3>\n<p><img loading=\"lazy\" decoding=\"async\" class=\"size-medium wp-image-82 alignright\" src=\"https:\/\/blogs.ubc.ca\/mobilemethods\/files\/2017\/10\/Mobile-Methods-3-poster-209x300.jpg\" alt=\"poster advertising event. information is same as contained on webpage. image is of a handcyclist.\" width=\"209\" height=\"300\" srcset=\"https:\/\/blogs.ubc.ca\/mobilemethods\/files\/2017\/10\/Mobile-Methods-3-poster-209x300.jpg 209w, https:\/\/blogs.ubc.ca\/mobilemethods\/files\/2017\/10\/Mobile-Methods-3-poster-768x1104.jpg 768w, https:\/\/blogs.ubc.ca\/mobilemethods\/files\/2017\/10\/Mobile-Methods-3-poster-712x1024.jpg 712w, https:\/\/blogs.ubc.ca\/mobilemethods\/files\/2017\/10\/Mobile-Methods-3-poster-100x144.jpg 100w, https:\/\/blogs.ubc.ca\/mobilemethods\/files\/2017\/10\/Mobile-Methods-3-poster-150x216.jpg 150w, https:\/\/blogs.ubc.ca\/mobilemethods\/files\/2017\/10\/Mobile-Methods-3-poster-200x287.jpg 200w, https:\/\/blogs.ubc.ca\/mobilemethods\/files\/2017\/10\/Mobile-Methods-3-poster-300x431.jpg 300w, https:\/\/blogs.ubc.ca\/mobilemethods\/files\/2017\/10\/Mobile-Methods-3-poster-450x647.jpg 450w, https:\/\/blogs.ubc.ca\/mobilemethods\/files\/2017\/10\/Mobile-Methods-3-poster-600x862.jpg 600w, https:\/\/blogs.ubc.ca\/mobilemethods\/files\/2017\/10\/Mobile-Methods-3-poster-900x1294.jpg 900w\" sizes=\"auto, (max-width: 209px) 100vw, 209px\" \/><\/p>\n<p>In the third seminar, Doctors Natasha Saltes, Simon Darcy, and Andrea Bundon shared perspectives about using technology for research with and for people with disabilities.<\/p>\n<p>When <strong>Dr. Bundon<\/strong> initiated the Mobile Methods seminar series, she had always intended to bring in a session about technology and disability, as she has found that technology can both enable and hinder research. Dr. Bundon shared about some of her projects, including her digital storytelling work. When first approaching digital storytelling, she did so in a way that was <a href=\"http:\/\/www.oxfordreference.com\/view\/10.1093\/oi\/authority.20110803100245338\">ocularcentric<\/a>, but soon realized there were different ways to do it which would open it up to more people. Similar to digital storytelling, Photovoice is often said to be \u2018low barrier\u2019 and universally accessible, although it may exclude some individuals.<\/p>\n<p><iframe loading=\"lazy\" src=\"https:\/\/www.youtube.com\/embed\/mntQXuUabho\" width=\"560\" height=\"315\" frameborder=\"0\" allowfullscreen=\"allowfullscreen\"><\/iframe><\/p>\n<p><strong>Dr. Saltes<\/strong> discussed \u2018embodied practices of mobility\u2019 (Saltes,\u00a02017) to illustrate the ways in which mobile devices are shifting practices and perspectives of disability as well as how researchers connect with participants and make sense of their experience. Embodied practices of mobility may be carried out via accessing information (e.g. accessible route apps), connecting with others (e.g. texting, photos), and engaging in advocacy (e.g. use of a mobile device to highlight disabling spaces). She highlighted the significance of mobile devices in disability research as both a topic of inquiry and a means of communication and data collection. Dr. Saltes shared about different forms of mobility: physical, sensory and cognitive, belonging, and connectivity.<\/p>\n<p><strong>Professor Darcy<\/strong>\u00a0used the UN Convention on the Rights of Persons with Disabilities to frame a fascinating discussion regarding the use of technology in research for people with disabilities. He shared about projects involving technology, including private modified vehicles, smart phone technology platforms, and online accessibility. These projects include:<\/p>\n<ul>\n<li>Disability citizenship through mobile technology<\/li>\n<li>Private vehicle access modification market &amp; information<\/li>\n<li>Social Impact of community inclusion for Surf (using go-pro technology)<\/li>\n<li>Disability Entrepreneurship in Australia<\/li>\n<li>Tourism experiences from a blind\/vision impaired perspective<\/li>\n<\/ul>\n<p><iframe loading=\"lazy\" src=\"https:\/\/www.youtube.com\/embed\/5fJXtRjZurQ\" width=\"560\" height=\"315\" frameborder=\"0\" allowfullscreen=\"allowfullscreen\"><\/iframe><br \/>\nDr. Darcy highlighted that doing community inclusion work is not as difficult as many think it is, a point corroborated by Doctors Saltes and Bundon. Technology created in an accessible way facilitates a sense of belonging. Unfortunately, there has been an over-positive view of what communication technology can do for people and how it might open doors for accessibility because, all too often, accessibility is reactive rather than being considered at the outset.<\/p>\n<p><iframe loading=\"lazy\" src=\"https:\/\/www.youtube.com\/embed\/GlJJPYLJQZY\" width=\"560\" height=\"315\" frameborder=\"0\" allowfullscreen=\"allowfullscreen\"><\/iframe><\/p>\n<p>Using technology in research can improve accessibility. For example, technology may improve participants\u2019 access to the researcher and the data. Perhaps technology can be used in such a way that facilitates a sense of belonging for individuals who do not interact in the way a typical normate does. Bearing this in mind, however, we must be vigilant to ensure we do not allow technology to reinscribe patterns of exclusion. Participatory research, or doing research with\/for people \u2013 be it disabled people or any other group \u2013 is a process. It is perhaps a value statement with regard to how you\u2019d like to do research.<\/p>\n<p><strong>Andrea Bundon<\/strong> is an Assistant Professor in the School of Kinesiology at the University of British Columbia. Her work is situated at the intersections of the sociology of sport and critical disability studies. Past research projects have used diverse (and often digital) community-based research methods to engage Paralympic stakeholders exploring topics such as the mainstreaming of disability sport and the formation of activist identities by athletes with disabilities. She is the editor of\u00a0<em>Digital Qualitative Research in Sport and Physical Activity\u00a0<\/em>forthcoming in November 2017. Find Andrea Bundon&#8217;s work on Google Scholar<em>\u00a0<\/em><a href=\"https:\/\/scholar.google.ca\/citations?user=4aBCJVgAAAAJ&amp;hl=en&amp;oi=ao\" target=\"_blank\" rel=\"noopener\">here<\/a><\/p>\n<p><strong>Natasha Saltes<\/strong>\u00a0holds a SSHRC postdoctoral fellowship in the Department of Communication at the University of Ottawa. She has a PhD in Sociology from Queen\u2019s University where she researched disabled people\u2019s experience using mobile devices in their everyday lives. She has an MPhil in Sociology from the University of Cambridge and an MA in Critical Disability Studies from York University. Dr. Saltes\u2019 research crosses several disciplines and examines disability in the context of access, inclusion and equality as well as the social impact of information and communication technology. Her current work looks at disability accommodation policies for instructors and faculty at institutions of higher education. Read Natasha Saltes\u2019 latest paper on \u2019embodied practices of mobility\u2019\u00a0<a href=\"http:\/\/dx.doi.org\/10.1080\/17450101.2017.1333279\" target=\"_blank\" rel=\"noopener\">here<\/a>.<\/p>\n<p><strong>Simon Darcy<\/strong> is a Professor at the UTS Business School, University of Technology Sydney. He specialises in developing inclusive organisational approaches for diversity groups and understanding the social impact of organisations and individuals. Simon&#8217;s research has spanned sport, tourism, events, volunteers, transport, the built environment and disability services. His research and industry collaboration on accessible tourism has been recognised for its outstanding contribution to the field through the World Leisure Organisation&#8217;s Innovation Prize, the United Nations World Tourism Organization\u2019s publication on best practice and the Asociaci\u00f3n Espa\u00f1ola de Expertos Cient\u00edficos en Turismo best research paper published in 2015. In 2017 Simon presented the Richard Jones Oration for the Queensland Anti-Discrimination Commission examining issues of transport, travel, sport and tourism as it relates to the UN Convention on the Rights of Persons with Disabilities. He is co-author of\u00a0<em>Benchmark Games: Sydney 2000 Paralympic Games; Accessible Tourism: Concepts and Issues (2011); Best Practice in Accessible Tourism: Inclusion, Disability, Ageing Population and Tourism (2012); Australian Leisure (2013); Research Methods for Sport Studies and Sport Management (2014); and Managing the Paralympiics (2017).<\/em>\u00a0Find Simon Darcy&#8217;s work on Google Scholar<em>\u00a0<\/em><a href=\"https:\/\/scholar.google.ca\/citations?user=ARKEW0MAAAAJ&amp;hl=en&amp;oi=ao\" target=\"_blank\" rel=\"noopener\">here<\/a><\/p>\n<p>&nbsp;<\/p>\n<p>&nbsp;<\/p>\n<p>&nbsp;<\/p>\n","protected":false},"excerpt":{"rendered":"<p>Technology in research with and for people with disabilities In the third seminar, Doctors Natasha Saltes, Simon Darcy, and Andrea Bundon shared perspectives about using technology for research with and for people with disabilities. When Dr. Bundon initiated the Mobile<span class=\"ellipsis\">&hellip;<\/span><\/p>\n<div class=\"read-more\"><a href=\"https:\/\/blogs.ubc.ca\/mobilemethods\/seminar-3-technology-and-disability\/\">Read more &#8250;<\/a><\/div>\n<p><!-- end of .read-more --><\/p>\n","protected":false},"author":5972,"featured_media":0,"parent":0,"menu_order":0,"comment_status":"closed","ping_status":"closed","template":"","meta":{"footnotes":""},"class_list":["post-80","page","type-page","status-publish","hentry"],"_links":{"self":[{"href":"https:\/\/blogs.ubc.ca\/mobilemethods\/wp-json\/wp\/v2\/pages\/80","targetHints":{"allow":["GET"]}}],"collection":[{"href":"https:\/\/blogs.ubc.ca\/mobilemethods\/wp-json\/wp\/v2\/pages"}],"about":[{"href":"https:\/\/blogs.ubc.ca\/mobilemethods\/wp-json\/wp\/v2\/types\/page"}],"author":[{"embeddable":true,"href":"https:\/\/blogs.ubc.ca\/mobilemethods\/wp-json\/wp\/v2\/users\/5972"}],"replies":[{"embeddable":true,"href":"https:\/\/blogs.ubc.ca\/mobilemethods\/wp-json\/wp\/v2\/comments?post=80"}],"version-history":[{"count":4,"href":"https:\/\/blogs.ubc.ca\/mobilemethods\/wp-json\/wp\/v2\/pages\/80\/revisions"}],"predecessor-version":[{"id":90,"href":"https:\/\/blogs.ubc.ca\/mobilemethods\/wp-json\/wp\/v2\/pages\/80\/revisions\/90"}],"wp:attachment":[{"href":"https:\/\/blogs.ubc.ca\/mobilemethods\/wp-json\/wp\/v2\/media?parent=80"}],"curies":[{"name":"wp","href":"https:\/\/api.w.org\/{rel}","templated":true}]}}