{"id":29,"date":"2021-07-25T10:50:15","date_gmt":"2021-07-25T17:50:15","guid":{"rendered":"https:\/\/blogs.ubc.ca\/nextgen\/?page_id=29"},"modified":"2022-07-08T06:46:05","modified_gmt":"2022-07-08T13:46:05","slug":"home","status":"publish","type":"page","link":"https:\/\/blogs.ubc.ca\/nextgen\/","title":{"rendered":"Home"},"content":{"rendered":"<p>This resource is intended to provide nature lovers as well as students, instructors, and scientists with tools for exploring and sharing discoveries about local plants, algae, and fungi.\u00a0 In these pages you will find tips for documenting, collecting, identifying, as well as sharing with the public and scientific community.\u00a0 Instructions for preparation and submission of specimens to the <a href=\"https:\/\/beatymuseum.ubc.ca\/research-2\/collections\/herbarium\/\" target=\"_blank\" rel=\"noopener\">UBC Herbarium<\/a> are provided.<\/p>\n<p>So much to investigate as we wander through forests, along rock bluffs, and edges of the sea shore.\u00a0 \u00a0Our curiosity drives us to try to make sense of the biodiversity in our world&#8230;.and to share our discoveries.\u00a0 Here in Vancouver, we are grateful to have the opportunity to explore the unceded, traditional, and ancestral lands of the x\u02b7m\u0259\u03b8k\u02b7\u0259y\u0313\u0259m (Musqueam), S\u0259l\u0313i\u0301lw\u0259ta\u0294\/Selilwitulh (Tsleil-Watuth), St\u00f3:l\u014d, and Skwxw\u00fa7mesh (Squamish) Nations of the Coast Salish peoples.<\/p>\n<h6><span style=\"color: #339966;\"><em>This site was developed by the <strong>Dept. of Botany<\/strong> and the <strong>UBC Herbarium<\/strong>.\u00a0 It was funded by a <strong>Skylight Development Grant<\/strong>, Faculty of Science, University of British Columbia.<\/em><\/span><\/h6>\n<p><img loading=\"lazy\" decoding=\"async\" class=\"aligncenter size-full wp-image-189\" src=\"https:\/\/blogs.ubc.ca\/nextgen\/files\/2021\/07\/footer.jpg\" alt=\"\" width=\"864\" height=\"200\" srcset=\"https:\/\/blogs.ubc.ca\/nextgen\/files\/2021\/07\/footer.jpg 864w, https:\/\/blogs.ubc.ca\/nextgen\/files\/2021\/07\/footer-300x69.jpg 300w, https:\/\/blogs.ubc.ca\/nextgen\/files\/2021\/07\/footer-768x178.jpg 768w\" sizes=\"auto, (max-width: 864px) 100vw, 864px\" \/><\/p>\n","protected":false},"excerpt":{"rendered":"<p>This resource is intended to provide nature lovers as well as students, instructors, and scientists with tools for exploring and sharing discoveries about local plants, algae, and fungi.\u00a0 In these pages you will find tips for documenting, collecting, identifying, as &hellip; <a href=\"https:\/\/blogs.ubc.ca\/nextgen\/\">Continue reading <span class=\"meta-nav\">&rarr;<\/span><\/a><\/p>\n","protected":false},"author":2141,"featured_media":0,"parent":0,"menu_order":0,"comment_status":"closed","ping_status":"closed","template":"","meta":{"footnotes":""},"class_list":["post-29","page","type-page","status-publish","hentry"],"_links":{"self":[{"href":"https:\/\/blogs.ubc.ca\/nextgen\/wp-json\/wp\/v2\/pages\/29","targetHints":{"allow":["GET"]}}],"collection":[{"href":"https:\/\/blogs.ubc.ca\/nextgen\/wp-json\/wp\/v2\/pages"}],"about":[{"href":"https:\/\/blogs.ubc.ca\/nextgen\/wp-json\/wp\/v2\/types\/page"}],"author":[{"embeddable":true,"href":"https:\/\/blogs.ubc.ca\/nextgen\/wp-json\/wp\/v2\/users\/2141"}],"replies":[{"embeddable":true,"href":"https:\/\/blogs.ubc.ca\/nextgen\/wp-json\/wp\/v2\/comments?post=29"}],"version-history":[{"count":19,"href":"https:\/\/blogs.ubc.ca\/nextgen\/wp-json\/wp\/v2\/pages\/29\/revisions"}],"predecessor-version":[{"id":1081,"href":"https:\/\/blogs.ubc.ca\/nextgen\/wp-json\/wp\/v2\/pages\/29\/revisions\/1081"}],"wp:attachment":[{"href":"https:\/\/blogs.ubc.ca\/nextgen\/wp-json\/wp\/v2\/media?parent=29"}],"curies":[{"name":"wp","href":"https:\/\/api.w.org\/{rel}","templated":true}]}}