{"id":24,"date":"2012-11-04T02:57:48","date_gmt":"2012-11-04T09:57:48","guid":{"rendered":"http:\/\/reconstructinghistoricalmemory.com\/ReconstructingHM\/?page_id=24"},"modified":"2017-10-13T06:24:49","modified_gmt":"2017-10-13T13:24:49","slug":"credits-and-acknowledgments","status":"publish","type":"page","link":"https:\/\/blogs.ubc.ca\/reconstructinghistoricalmemory\/credits-and-acknowledgments\/","title":{"rendered":"acknowledgments"},"content":{"rendered":"<div>\n<p><strong>Credits <\/strong><strong><\/strong><\/p>\n<p>This project is a collaboration between the Historical Memory Commission of the Center of Memory of Colombia and the University of British Columbia.<\/p>\n<p>General coordination: Pilar Ria\u00f1o-Alcal\u00e1, University of British Columbia and Colombian Commission of Historical Memory<\/p>\n<p>Project coordination and translation from Spanish to English: Sara Koopman<\/p>\n<p>Website concept and design: Lex Milton<\/p>\n<p><strong>Funding:<\/strong><\/p>\n<p>This project was generously supported by a grant from the Ministry of Foreign Affairs, Swiss Government. Support was also received for the May 2010 workshop from the Faculty of Arts HSS Symposium Grants and the School of Social Work at the University of British Columbia.<\/p>\n<p><strong>Workshop participants:<\/strong><\/p>\n<p><strong>Burundi:<\/strong> Fr. Emmanuel Ntakarutimana, <a href=\"http:\/\/centre-ubuntu.bi\/\">Centre Ubuntu<\/a><\/p>\n<p><strong>Canada:<\/strong> Paulette Regan, Director of research for the <a href=\"http:\/\/www.trc.ca\/websites\/trcinstitution\/index.php?p=26\">Truth and Reconciliation Commission of Canada<\/a> (TRC)<\/p>\n<p>Brenda Ireland, TRC, developing a community narratives toolkit for the Commission<\/p>\n<p>Samaya Jardey, TRC Community Liason, historian of the <a href=\"http:\/\/www.irsss.ca\/\">Indian Residential Schools Survivors Society<\/a><\/p>\n<p>Sharon Thira, former Executive Director of the Indian Residential Schools Survivors Society. Now Program Director for <a href=\"http:\/\/kloshetillicum.ca\/\">Kloshe Tillicum<\/a>, an Aboriginal Health Research Centre, UBC.<\/p>\n<p>Cynthia Milton, <a href=\"http:\/\/www.hst.umontreal.ca\/personnel\/milton_cynthia.html\">University of Montreal<\/a><\/p>\n<p>Alison Crosby, <a href=\"http:\/\/people.laps.yorku.ca\/people.nsf\/researcherprofile?readform&amp;shortname=acrosby\">York University<\/a><\/p>\n<p>Erin Baines, <a href=\"http:\/\/www.ligi.ubc.ca\/?p2=\/modules\/liu\/profiles\/profile.jsp&amp;id=9\">University of British Columbia<\/a><\/p>\n<p>Sunera Thobani, <a href=\"http:\/\/www.ligi.ubc.ca\/?p2=\/modules\/liu\/profiles\/profile.jsp&amp;id=52\">University of British Columbia<\/a><\/p>\n<p><strong>Colombia:<\/strong> Jes\u00fas Abad Colorado and Maria Luisa Moreno, members of the <a href=\"http:\/\/www.centrodememoriahistorica.gov.co\/\">Colombian Historical Memory Commission<\/a><\/p>\n<p><strong>Croatia:<\/strong> Vesna Terselic , <a href=\"http:\/\/www.documenta.hr\/en\/home.html\">Documenta, Center for Dealing with the Past<\/a><\/p>\n<p><strong>El Salvador:<\/strong> Victor Manuel Perez, Human Rights Ombudsman\u2019s office, Coordinator of the <a href=\"http:\/\/cnbelsalvador.org\/\">National Search Commission for Children Disappeared during the War<\/a><\/p>\n<p><strong>Guatemala:<\/strong> Brenda Pineda, Human Rights office of the Archbishopric, <a href=\"http:\/\/www.odhag.org.gt\/\">Historical Memory Unit<\/a><\/p>\n<p><strong>Indonesia:<\/strong> Mugiyanto,\u00a0 IKOHI, <a href=\"http:\/\/ikohi.blogspot.ca\/\">Indonesian Association of Families of the Disappeared<\/a><\/p>\n<p><strong>Peru:<\/strong> Rosa L\u00eda\u00a0 Chauca, President of the <a href=\"http:\/\/www.redinfa.org\/\">Network for Children and Families<\/a> of Peru<\/p>\n<p><strong>South Africa: <\/strong>Catherine Kennedy, <a href=\"http:\/\/www.saha.org.za\/\">South African History Archives<\/a>, former TRC investigator<\/p>\n<p><strong>Uganda:<\/strong> Moses Chrispus Okello, <a href=\"http:\/\/www.refugeelawproject.org\/\">Refugee Law Project<\/a>, Makerere University, Kampala<\/p>\n<p>Michael Otim, <a href=\"https:\/\/ictj.org\/our-work\/regions-and-countries\/uganda\">International Center for Transitional Justice<\/a>, Uganda Program<\/p>\n<p><strong>Zimbabwe:<\/strong> Farai\u00a0 Maguwu, <a href=\"http:\/\/www.crdzim.com\/\">Center for Research and Development<\/a><\/p>\n<p><strong>Acknowledgments<\/strong><\/p>\n<p>The production of Remembering and Narrating the Conflict benefited from the wise contributions and generous support of a great group of people. This material is the product of their collective input and enthusiasm with the project.<\/p>\n<p>Thanks to the team of the Historical Memory Commission of Colombia who produced and generously shared the initial resource material and took the initiative to see the material translated and adapted to be used in other parts of the world.<\/p>\n<p>Special thanks to Mo Blekker who supported this project intellectually, financially and provided contacts and advice.<\/p>\n<p>Thanks to the School of Social Work, the Liu Institute for Global Issues, and the Faculty of Arts at the University of British Columbia for logistical and financial support.<\/p>\n<p>Our special acknowledgment to the many memory practitioners and experts who provided thoughtful and creative comments.\u00a0 As well as those who participated in the workshop, listed above, we also received feedback and contributions from:<\/p>\n<p><strong>Colombia: <\/strong>Martha Nubia Bello and Maria Emma Wills, <a href=\"http:\/\/www.centrodememoriahistorica.gov.co\/\">Colombian Historical Memory Commission<\/a><\/p>\n<p>&nbsp;<\/p>\n<p><strong>El Salvador:<\/strong> Gloria Guzman, <a href=\"http:\/\/www.hegoa.ehu.es\/\">Hegoa<\/a> y <a href=\"http:\/\/www.lasdignas.org\/\">Mujeres por la Dignidad y la Vida<\/a><\/p>\n<p><strong>Kashmir:<\/strong> Rita Machanda, <a href=\"http:\/\/www.safhr.org\/\">South Asia Forum for Human Rights<\/a><\/p>\n<p><strong>Kosovo: <\/strong>Nora Ahmetaj, <a href=\"http:\/\/crdp-ks.org\/en\/about-us\/\">Centre for Research, Documentation and Publication<\/a><\/p>\n<p><strong>Liberia:<\/strong> Mark Marvey, <a href=\"http:\/\/www.naymote.ushahidi.com\/\">Naymote<\/a>, and Aaron Weah, <a href=\"http:\/\/www.ictj.org\">International Center for Transitional Justice<\/a><\/p>\n<p><strong>Palestine:<\/strong> Sami Adwan, <a href=\"http:\/\/www.vispo.com\/PRIME\/\">Peace Research Institute in the Middle East<\/a><\/p>\n<p><strong>Sri Lanka:<\/strong> Malathi de Alwis, <a href=\"http:\/\/ices.lk\/\">International Centre for Ethnic Studies<\/a><\/p>\n<p><strong>Uganda<\/strong>: Ketty Anyeko, <a href=\"http:\/\/justiceandreconciliation.com\/\">Justice and Reconciliation Project<\/a>, and Chris Dolan, <a href=\"http:\/\/www.refugeelawproject.org\/\">Refugee Law Project<\/a><\/p>\n<p><strong>United States:<\/strong> Brinton Lykes,<em> <\/em><a href=\"http:\/\/www.bc.edu\/schools\/lsoe\/facultystaff\/faculty\/lykes.html\">Boston College<\/a><\/p>\n<p>Thanks to the team of students who provided their feedback, enthusiasm, support and work during the workshop \u201cDialogues on Memory: Strategies for reconstructing memories in conflict and post conflict zones\u201d: Katherine Fobear, Julie Okot Bitek, Laura Lee, Lara Rosenoff, Beth Stewart, and Anastasia Shesterinina. Our special thanks to interpreters Veronika Miralles, Steve Stewart and Sara Koopman.<\/p>\n<p><strong>Credits for the original Spanish version \u201cRecordar y Narrar el Conflicto\u201d<\/strong><\/p>\n<p>&nbsp;<\/p>\n<\/div>\n<p><em>Coordinator of the\u00a0<\/em><em>Historical Memory Commission &#8211;\u00a0<\/em>Gonzalo S\u00e1nchez G\u00f3mez<\/p>\n<div>\n<p><em>General coordinator &#8211;\u00a0<\/em>Pilar Ria\u00f1o Alcal\u00e1\u00a0Associate Professor,\u00a0University of British Columbia<\/p>\n<p><em>Research and production\u00a0<\/em><em>Gender and Memory &#8211;\u00a0<\/em>Mar\u00eda Emma Wills Obreg\u00f3n,\u00a0Associate Professor,\u00a0University of los Andes<\/p>\n<p><em>Research and production,\u00a0<\/em><em>Psychosocial Accompaniment\u00a0<\/em>Martha Nubia Bello,\u00a0Associate Professor,\u00a0National University of Colombia<\/p>\n<p><em>Research and production\u00a0<\/em><em>assistants &#8211;\u00a0<\/em>Lina G\u00f3mez,\u00a0Viviana Quintero<\/p>\n<p><em>Principal\u00a0 Investigators &#8211;\u00a0<\/em>\u00c1lvaro Camacho,\u00a0Andr\u00e9s Su\u00e1rez,\u00a0Fern\u00e1n Gonz\u00e1lez. SJ,\u00a0Iv\u00e1n Orozco,\u00a0Jes\u00fas Abad Colorado,\u00a0Le\u00f3n Valencia,\u00a0Mar\u00eda Victoria Uribe,\u00a0Mar\u00eda Emma Wills,\u00a0Martha Nubia Bello,\u00a0Pilar Gait\u00e1n,\u00a0Pilar Ria\u00f1o,\u00a0Rodrigo Uprimny, Tatiana Rinc\u00f3n,\u00a0Nubia Herrera,\u00a0Patricia Linares Prieto,\u00a0C\u00e9sar Caballero,Te\u00f3filo V\u00e1squez<\/p>\n<p><em>Research Assistants &#8211;\u00a0<\/em>\u00c1ngela Olaya,\u00a0Camilo Vargas,\u00a0Diego Quiroga,Gina Cabarcas,\u00a0Lina D\u00edaz,\u00a0Lina Quejada,\u00a0Luis Carlos S\u00e1nchez,\u00a0Mar\u00eda Luisa Moreno,\u00a0Paula Andrea Rodr\u00edguez,\u00a0Ronald Villamil,\u00a0Viviana Quintero,\u00a0Vladimir Melo,\u00a0William Mancera<\/p>\n<p><em>Coordinator&#8217;s assistants &#8211;\u00a0<\/em>Natalia Rey,\u00a0Andr\u00e9s Elasmar<\/p>\n<p><em>Public impact and dissemination &#8211;\u00a0<\/em>Paula Ila,\u00a0Jack Melamed<\/p>\n<p>Project Management ,\u00a0<em>Administrative Coordinator &#8211;\u00a0<\/em>Ana Lyda Campo<\/p>\n<p><em>Administrative assistants &#8211;\u00a0<\/em>Paola Rojas\u00a0Diana Marcela Gil<\/p>\n<p><em>Photography &#8211;\u00a0<\/em>Soraya Hoyos,\u00a0Jes\u00fas Abad Colorado<\/p>\n<p><em>Workshops and photography assistant &#8211;\u00a0<\/em>Mar\u00eda Luisa Moreno<\/p>\n<p><em>Editorial Production\/ <\/em><em>Editing &#8211;\u00a0<\/em>Marcela Giraldo<\/p>\n<p><em>Concept, design, layout and web design &#8211;\u00a0<\/em> Fotoletras Inc.<\/p>\n<\/div>\n<p><strong>Acknowledgments<\/strong><strong> in original Spanish version<\/strong><\/p>\n<p>&nbsp;<\/p>\n<p>The development of these tools for reconstructing historical memory was made possible by the financial and institutional support of:<\/p>\n<p>&nbsp;<\/p>\n<p>\u2022\u00a0 Presidential Agency for Social Action and International Cooperation<\/p>\n<p>\u2022\u00a0 Swedish Agency for International Development (ASDI)<\/p>\n<p>\u2022\u00a0 United Nations Development Fund for Women (UNIFEM)<\/p>\n<p>\u2022\u00a0 United States Institute of Peace (USIP).<\/p>\n<p>&nbsp;<\/p>\n<p>Our thanks to the organizations that joined us in these activities for their generosity and enthusiasm with which they offered their innumerable contributions. In particular we express our appreciation to:<\/p>\n<ul>\n<li><em>Corporacion Maria Cano<\/em>, Mar\u00eda Cano Community Development Corporation (Monter\u00eda)<\/li>\n<li><em>Fundaci\u00f3n del Sin\u00fa<\/em>, Sin\u00fa Foundation (Monter\u00eda)<\/li>\n<li><em>Colectivo de Comunicaciones Montes de Mar\u00eda L\u00ednea 21<\/em>, Communications Collective of Montes de Mar\u00eda Line 21<\/li>\n<li><em>La Asociaci\u00f3n COMFE Narrar para Vivir<\/em>, The COMFE Association Telling to Live<\/li>\n<li><em>Mujer y Futuro<\/em>, Women and Future, Barranquilla Office<\/li>\n<li><em>Liga Internacional de Mujeres porla Paz y la Libertad<\/em>, Women&#8217;s International League for Peace and Freedom, Cartagena office<\/li>\n<li><em>Red de Empoderamiento de las mujeres de Cartagena y Bolivar<\/em>, The Women&#8217;s Empowerment Network of Cartagena and Bol\u00edvar<\/li>\n<li><em>Fundaci\u00f3n para el Desarollo Humano Comunitario<\/em>, (FUNDEHUMAC), The Foundation for Community Human Development, Santa Marta.<\/li>\n<li><em>Asociaci\u00f3n de Mujeres del Magdalena<\/em>, The Women&#8217;s Association of Magdalena<\/li>\n<li><em>Organizaci\u00f3n Wayuumunsurat Mujeres Tejiendo Paz<\/em>, Wayuumunsurat Organization, Women Weaving Peace.<\/li>\n<\/ul>\n<p>&nbsp;<\/p>\n<p>Nationally, several networks provided suggestions and regional contacts. In particular, we express our gratitude to:<\/p>\n<p>&nbsp;<\/p>\n<ul>\n<li><em>Iniciativas de Mujeres Colombianas por la Paz<\/em>, Colombian Women\u2019s Initiatives for Peace<\/li>\n<li><em>Ruta Pac\u00edfica de Mujeres<\/em>, Women&#8217;s Peaceful Way<\/li>\n<li><em>Corporaci\u00f3n Humanas<\/em>, The Humanas Community Development Corporation.<\/li>\n<\/ul>\n<p>&nbsp;<\/p>\n<p>We received insightful comments on the content of this material from a group of experts on memory and gender issues, including memory workers in the Caribbean region. We thank:<\/p>\n<p>&nbsp;<\/p>\n<ul>\n<li>Mar\u00eda Eugenia V\u00e1squez, The Women and Future Organization (Corporaci\u00f3n Mujer y Futuro)<\/li>\n<li>Luz Piedad Caicedo, The Humanas Organization<\/li>\n<li>Carlos Berista\u00edn, member and coauthor of REMHI in Guatemala.\u00a0 Advisor to the Paraguayan Truth Commission and consultant to the Inter-American Human Rights Institute<\/li>\n<li>Pau P\u00e9rez, Universidad Complutense de Madrid. Expert in psycho-social work with experience in Mexico, El Salvador and Chile<\/li>\n<li>Ronald Sol\u00eds, Coordinator of the Reconciliation Area of the Office of Human<\/li>\n<li>Rights of the Archbishopric of Guatemala<\/li>\n<li>F\u00e9lix Re\u00e1tegui, Peruvian Truth and Reconciliation Commission<\/li>\n<li>Kimberly Theidon, Associate Professor, Department of Anthropology, Harvard University, and Executive Director of the Praxis Institute for Social Justice<\/li>\n<li>Clemencia Rodriguez, Associate Professor, University of Oklahoma and expert in community media for peace<\/li>\n<li>Mar\u00eda Ang\u00e9lica Garz\u00f3n, Mar\u00eda Eugenia Lora and Soraya Bayuelo of the Montes de Mar\u00eda Communications Collective<\/li>\n<\/ul>\n<p>&nbsp;<\/p>\n<p>The opinions set forth in this toolkit are not necessarily those of the Colombian Historical Memory Commission, the Swiss government, nor of the other ,, ,networks and organizations listed. Nevertheless, the merits and wisdom of this material would not have been achieved without their contributions and critiques.\u00a0 To all of them and to the participants of the workshops, the victims who generously shared with us their memories and thoughts, our deepest thanks.<\/p>\n<p>&nbsp;<\/p>\n<p>&nbsp;<\/p>\n","protected":false},"excerpt":{"rendered":"<p>Credits This project is a collaboration between the Historical Memory Commission of the Center of Memory of Colombia and the University of British Columbia. General coordination: Pilar Ria\u00f1o-Alcal\u00e1, University of British Columbia and Colombian Commission of Historical Memory Project coordination &hellip; <a href=\"https:\/\/blogs.ubc.ca\/reconstructinghistoricalmemory\/credits-and-acknowledgments\/\">Continue reading <span class=\"meta-nav\">&rarr;<\/span><\/a><\/p>\n","protected":false},"author":13718,"featured_media":0,"parent":0,"menu_order":12,"comment_status":"closed","ping_status":"closed","template":"sidebar-page.php","meta":{"footnotes":""},"class_list":["post-24","page","type-page","status-publish","hentry"],"_links":{"self":[{"href":"https:\/\/blogs.ubc.ca\/reconstructinghistoricalmemory\/wp-json\/wp\/v2\/pages\/24","targetHints":{"allow":["GET"]}}],"collection":[{"href":"https:\/\/blogs.ubc.ca\/reconstructinghistoricalmemory\/wp-json\/wp\/v2\/pages"}],"about":[{"href":"https:\/\/blogs.ubc.ca\/reconstructinghistoricalmemory\/wp-json\/wp\/v2\/types\/page"}],"author":[{"embeddable":true,"href":"https:\/\/blogs.ubc.ca\/reconstructinghistoricalmemory\/wp-json\/wp\/v2\/users\/13718"}],"replies":[{"embeddable":true,"href":"https:\/\/blogs.ubc.ca\/reconstructinghistoricalmemory\/wp-json\/wp\/v2\/comments?post=24"}],"version-history":[{"count":1,"href":"https:\/\/blogs.ubc.ca\/reconstructinghistoricalmemory\/wp-json\/wp\/v2\/pages\/24\/revisions"}],"predecessor-version":[{"id":393,"href":"https:\/\/blogs.ubc.ca\/reconstructinghistoricalmemory\/wp-json\/wp\/v2\/pages\/24\/revisions\/393"}],"wp:attachment":[{"href":"https:\/\/blogs.ubc.ca\/reconstructinghistoricalmemory\/wp-json\/wp\/v2\/media?parent=24"}],"curies":[{"name":"wp","href":"https:\/\/api.w.org\/{rel}","templated":true}]}}