{"id":13,"date":"2016-04-15T12:29:49","date_gmt":"2016-04-15T19:29:49","guid":{"rendered":"https:\/\/blogs.ubc.ca\/span430\/?page_id=13"},"modified":"2016-05-09T23:12:50","modified_gmt":"2016-05-10T06:12:50","slug":"description","status":"publish","type":"page","link":"https:\/\/blogs.ubc.ca\/span430\/description\/","title":{"rendered":"Description"},"content":{"rendered":"<p>Este curso ofrece un recorrido de la literatura inspirada por la guerra civil espa\u00f1ola, dentro y tambi\u00e9n fuera de Espa\u00f1a. Investigaremos el impacto cultural de la guerra, y las distintas estrategias escogidas para representar la violencia y el disenso. Compararemos las perspectivas de espa\u00f1oles dentro y fuera (o sea, exiliados) de Espa\u00f1a, y asimismo las producidas por extranjeros involucrados en este conflicto con fuertes dimensiones internacionales.<\/p>\n<p><em>Textos:<\/em> <\/p>\n<ul>\n<li>Serge Altern\u00eas and Alec Wainman, <em>Live Souls: Citizens and Volunteers of Civil War Spain<\/em> (texto opcional)<\/em><\/li>\n<li>Ram\u00f3n Sender, <em>R\u00e9quiem por un campesino espa\u00f1ol<\/em><\/li>\n<li>Camilo Jos\u00e9 Cela, <em>San Camilo, 1936<\/em><\/li>\n<li>Andr\u00e9 Malraux, <em>Days of Hope<\/em> \/ <em>Man\u2019s Hope<\/em> \/ <em>L&#8217;Espoir<\/em> (This is provided in English translation: <a href=\"https:\/\/blogs.ubc.ca\/span430\/files\/2016\/03\/malraux_days-of-hope1.pdf\"rel=\"\">Part I<\/a>; <a href=\"https:\/\/blogs.ubc.ca\/span430\/files\/2016\/03\/malraux_days-of-hope2.pdf\"rel=\"\">Parts II and III<\/a>. But students are welcome to read it in the original French, or in Spanish translation, if they so wish.)<\/li>\n<li>George Orwell, <em>Homage to Catalonia<\/em><\/li>\n<li>Ernest Hemingway, <em>For Whom the Bell Tolls<\/em><\/li>\n<li>Alberto M\u00e9ndez, <em>Los girasoles ciegos<\/em><\/li>\n<\/ul>\n<p>NB: estudiantes de pregrado (SPAN430) leer\u00e1n 5 de los 6 textos; estudiantes de postgrado (SPAN530) leer\u00e1n todos.<\/p>\n<p>Todos los textos menos el de Malraux estar\u00e1n disponibles en la librer\u00eda de UBC.  Como siempre, es posible que se consigan m\u00e1s baratos en l\u00ednea.<\/p>\n<p><em>Tareas:<\/em><\/p>\n<p>Los estudiantes tendr\u00e1n que:<\/p>\n<ol>\n<li>escribir semanalmente en un blog (para 20% de la nota final).  Las entradas de blog deben de ser de unas 400-500 palabras, y deben aparecer el mi\u00e9rcoles por la noche, a m\u00e1s tardar.  <em>NB: si eres estudiante de pregrado, puedes escoger una semana en que no vas a escribir (y as\u00ed un texto que no necesariamente vas a leer)<\/em>.  S\u00f3lo hay que declarar al principio del curso cu\u00e1l texto has escogido para no leer. Si al final del curso faltan m\u00e1s de una entrada, esto afectar\u00e1 tu nota final (por 5% cada entrada ausente).<\/li>\n<li>escribir comentarios en por lo menos dos de las entradas de blog escritas por sus compa\u00f1eros. Los comentarios s\u00f3lo tienen que ser de un par de frases, al m\u00ednimo, pero deben aparecer el viernes por la noche, a m\u00e1s tardar. Si al final del curso faltan m\u00e1s de dos comentarios, esto afectar\u00e1 tu nota final (por 5% cada dos comentarios ausentes).<\/em>\n<li>en colaboraci\u00f3n con otro(s) estudiante(s), facilitar y moderar una de las sesiones del curso (para 20%)<\/li>\n<li>escribir un ensayo ilustrado (e.g. por PowerPoint) de unas 10-15 p\u00e1ginas, que pueda ser presentado en alg\u00fan congreso o taller (60%).  <em>NB: pueden trabajar en este proyecto de forma colaborativa con otro(s) estudiante(s)<\/em>.<\/li>\n<\/ol>\n<p>Una cosa m\u00e1s: <em>es estrictamente obligatoria la asistencia<\/em>; si pierdes m\u00e1s de una sesi\u00f3n (sin carta de un m\u00e9dico etc.), esto afectar\u00e1 tu nota final (por 5% cada sesi\u00f3n perdida).<\/p>\n<p><em>Instructor:<\/em> <\/p>\n<p>Jon Beasley-Murray, <a href=\"mailto:jon.beasley-murray@ubc.ca\">jon.beasley-murray@ubc.ca<\/a><\/p>\n","protected":false},"excerpt":{"rendered":"<p>Este curso ofrece un recorrido de la literatura inspirada por la guerra civil espa\u00f1ola, dentro y tambi\u00e9n fuera de Espa\u00f1a. Investigaremos el impacto cultural de la guerra, y las distintas estrategias escogidas para representar la violencia y el disenso. Compararemos las perspectivas de espa\u00f1oles dentro y fuera (o sea, exiliados) de Espa\u00f1a, y asimismo las [&hellip;]<\/p>\n","protected":false},"author":64,"featured_media":0,"parent":0,"menu_order":0,"comment_status":"closed","ping_status":"closed","template":"","meta":{"footnotes":""},"class_list":["post-13","page","type-page","status-publish","hentry"],"_links":{"self":[{"href":"https:\/\/blogs.ubc.ca\/span430\/wp-json\/wp\/v2\/pages\/13","targetHints":{"allow":["GET"]}}],"collection":[{"href":"https:\/\/blogs.ubc.ca\/span430\/wp-json\/wp\/v2\/pages"}],"about":[{"href":"https:\/\/blogs.ubc.ca\/span430\/wp-json\/wp\/v2\/types\/page"}],"author":[{"embeddable":true,"href":"https:\/\/blogs.ubc.ca\/span430\/wp-json\/wp\/v2\/users\/64"}],"replies":[{"embeddable":true,"href":"https:\/\/blogs.ubc.ca\/span430\/wp-json\/wp\/v2\/comments?post=13"}],"version-history":[{"count":10,"href":"https:\/\/blogs.ubc.ca\/span430\/wp-json\/wp\/v2\/pages\/13\/revisions"}],"predecessor-version":[{"id":54,"href":"https:\/\/blogs.ubc.ca\/span430\/wp-json\/wp\/v2\/pages\/13\/revisions\/54"}],"wp:attachment":[{"href":"https:\/\/blogs.ubc.ca\/span430\/wp-json\/wp\/v2\/media?parent=13"}],"curies":[{"name":"wp","href":"https:\/\/api.w.org\/{rel}","templated":true}]}}