{"id":3,"date":"2016-03-03T13:30:52","date_gmt":"2016-03-03T20:30:52","guid":{"rendered":"https:\/\/blogs.ubc.ca\/span430\/?page_id=3"},"modified":"2016-05-12T11:57:01","modified_gmt":"2016-05-12T18:57:01","slug":"syllabus","status":"publish","type":"page","link":"https:\/\/blogs.ubc.ca\/span430\/syllabus\/","title":{"rendered":"syllabus"},"content":{"rendered":"<p>10 de mayo: introducciones<\/p>\n<p>12 de mayo: Sender, <em>R\u00e9quiem por un campesino espa\u00f1ol<\/em><\/p>\n<p>17 de mayo: Cela, <em>San Camilo, 1936<\/em>, 11-148<\/p>\n<p>19 de mayo: Cela, <em>San Camilo, 1936<\/em>, 149-366; discusi\u00f3n dirigida por Raya y Mauricio<\/p>\n<p>24 de mayo: Malraux, <em>Days of Hope<\/em>, <a href=\"https:\/\/blogs.ubc.ca\/span430\/files\/2016\/03\/malraux_days-of-hope1.pdf\"rel=\"\">3-257<\/a><\/p>\n<p>26 de mayo: Malraux, <em>Days of Hope<\/em>, <a href=\"https:\/\/blogs.ubc.ca\/span430\/files\/2016\/03\/malraux_days-of-hope2.pdf\"rel=\"\">258-507<\/a>; discussion led by&#8230;<\/p>\n<p>31 de mayo: Orwell, <em>Homage to Catalonia<\/em>, 1-137; Altern\u00eas, <em>Live Souls<\/em><\/p>\n<p>2 de junio: Orwell, <em>Homage to Catalonia<\/em>, 138-250; discussion led by Sebastian and&#8230;<\/p>\n<p>7 de junio: Hemingway, <em>For Whom the Bell Tolls<\/em>, 1-248<\/p>\n<p>9 de junio: Hemingway, <em>For Whom the Bell Tolls<\/em>, 249-471; discussion led by&#8230;<\/p>\n<p>14 de junio: M\u00e9ndez, <em>Los girasoles ciegos<\/em>, 9-59<\/p>\n<p>16 de junio: M\u00e9ndez, <em>Los girasoles ciegos<\/em>, 61-155; discusi\u00f3n dirigida por&#8230;<\/p>\n","protected":false},"excerpt":{"rendered":"<p>10 de mayo: introducciones 12 de mayo: Sender, R\u00e9quiem por un campesino espa\u00f1ol 17 de mayo: Cela, San Camilo, 1936, 11-148 19 de mayo: Cela, San Camilo, 1936, 149-366; discusi\u00f3n dirigida por Raya y Mauricio 24 de mayo: Malraux, Days of Hope, 3-257 26 de mayo: Malraux, Days of Hope, 258-507; discussion led by&#8230; 31 [&hellip;]<\/p>\n","protected":false},"author":64,"featured_media":0,"parent":0,"menu_order":0,"comment_status":"closed","ping_status":"closed","template":"","meta":{"footnotes":""},"class_list":["post-3","page","type-page","status-publish","hentry"],"_links":{"self":[{"href":"https:\/\/blogs.ubc.ca\/span430\/wp-json\/wp\/v2\/pages\/3","targetHints":{"allow":["GET"]}}],"collection":[{"href":"https:\/\/blogs.ubc.ca\/span430\/wp-json\/wp\/v2\/pages"}],"about":[{"href":"https:\/\/blogs.ubc.ca\/span430\/wp-json\/wp\/v2\/types\/page"}],"author":[{"embeddable":true,"href":"https:\/\/blogs.ubc.ca\/span430\/wp-json\/wp\/v2\/users\/64"}],"replies":[{"embeddable":true,"href":"https:\/\/blogs.ubc.ca\/span430\/wp-json\/wp\/v2\/comments?post=3"}],"version-history":[{"count":8,"href":"https:\/\/blogs.ubc.ca\/span430\/wp-json\/wp\/v2\/pages\/3\/revisions"}],"predecessor-version":[{"id":82,"href":"https:\/\/blogs.ubc.ca\/span430\/wp-json\/wp\/v2\/pages\/3\/revisions\/82"}],"wp:attachment":[{"href":"https:\/\/blogs.ubc.ca\/span430\/wp-json\/wp\/v2\/media?parent=3"}],"curies":[{"name":"wp","href":"https:\/\/api.w.org\/{rel}","templated":true}]}}