{"id":13,"date":"2017-01-09T22:54:29","date_gmt":"2017-01-10T05:54:29","guid":{"rendered":"https:\/\/blogs.ubc.ca\/span495\/?page_id=13"},"modified":"2017-03-10T17:37:16","modified_gmt":"2017-03-11T00:37:16","slug":"lecturas","status":"publish","type":"page","link":"https:\/\/blogs.ubc.ca\/span495\/lecturas\/","title":{"rendered":"Lecturas"},"content":{"rendered":"<ul>\n<li>Rodolfo Walsh, <a href=\"https:\/\/blogs.ubc.ca\/span495\/files\/2017\/01\/walsh_operacion-masacre.pdf\"><em>Operaci\u00f3n masacre<\/em><\/a> (1957)<\/li>\n<li>Miguel Barnet, <a href=\"https:\/\/blogs.ubc.ca\/span495\/files\/2017\/01\/barnet_biografia-de-un-cimarron.pdf\"><em>Biograf\u00eda de un cimarr\u00f3n<\/em><\/a> (1966)<\/li>\n<li>Elena Poniatowska, <a href=\"https:\/\/blogs.ubc.ca\/span495\/files\/2017\/01\/poniatowska_la-noche-de-tlatelolco.pdf\"><em>La noche de Tlatelolco<\/em><\/a> (1971)<\/li>\n<li>Elizabeth Burgos, <a href=\"https:\/\/blogs.ubc.ca\/span495\/files\/2017\/01\/burgos-rigoberta-menchu.pdf\"><em>Me llamo Rigoberta Mench\u00fa<\/em><\/a> (1983)<\/li>\n<li>Mario Vargas Llosa, <a href=\"https:\/\/blogs.ubc.ca\/span495\/files\/2017\/01\/vargas-llosa_el-hablador.pdf\"><em>El hablador<\/em><\/a> (1987)<\/li>\n<li>Ariel Dorfman, <a href=\"https:\/\/blogs.ubc.ca\/span495\/files\/2017\/01\/dorfman_muerte-y-la-doncella.pdf\"><em>La muerte y la doncella<\/em><\/a> (1990)<\/li>\n<li>Horacio Castellanos Moya, <a href=\"https:\/\/blogs.ubc.ca\/span495\/files\/2017\/01\/castellanos-moya_insensatez.pdf\"><em>Insensatez<\/em><\/a> (2004)<\/li>\n<li>Pablo Katchadjian, <a href=\"https:\/\/blogs.ubc.ca\/span495\/files\/2017\/01\/katchadjian_cadena.pdf\"><em>La cadena del des\u00e1nimo<\/em><\/a> (2012)<\/li>\n<\/ul>\n<ul>\n<li>Wayne Booth (ed), <a href=\"https:\/\/blogs.ubc.ca\/span495\/files\/2017\/01\/booth_craft-of-research.pdf\"><em>The Craft of Research<\/em><\/a><\/li>\n<li>art\u00edculos escogidos del debate sobre testimonio: <a href=\"https:\/\/blogs.ubc.ca\/span495\/files\/2017\/01\/gugelberger_the-real-thing2.pdf\">John Beverley, &#8220;The Margin at the Center: On <em>Testimonio<\/em>&#8220;; George Y\u00fadice, &#8220;<em>Testimonio<\/em> and Postmodernism&#8221;; Doris Sommer, &#8220;Rigoberta&#8217;s Secrets&#8221;<\/a>. Tomados de Georg Gugelberger (ed.), <em>The Real Thing: Testimonial Discourse and Latin America<\/em>. Brett Levinson, <a href=\"https:\/\/blogs.ubc.ca\/span495\/files\/2017\/01\/levinson_rigoberta-menchu2.pdf\">&#8220;Neopatriarchy and After: <em>I, Rigoberta Mench\u00fa<\/em> as Allegory of Death&#8221;<\/a> ; Gordon Brotherston, <a href=\"https:\/\/blogs.ubc.ca\/span495\/files\/2017\/01\/brotherston_regarding-the-evidence.pdf\">&#8220;Debate: Regarding the Evidence in <em>Me llamo Rigoberta Menchu\u0301<\/em>&#8220;<\/a>; Alberto Moreiras, <a href=\"https:\/\/blogs.ubc.ca\/span495\/files\/2017\/01\/morerias_second-look.pdf\">&#8220;A Second Look: On Brotherston re Levinson and Testimonio Criticism&#8221;<\/a><\/li>\n<li>Arturo Arias (ed), <a href=\"https:\/\/blogs.ubc.ca\/span495\/files\/2017\/01\/arias_rigoberta-menchu-controversy2.pdf\"><em>The Rigoberta Mench\u00fa Controversy<\/em> (selecciones)<\/a><\/li>\n<\/ul>\n<ul>\n<li>Georg Gugelberger (ed.), <a href=\"https:\/\/varioustexts.files.wordpress.com\/2017\/03\/gugelberger_the-real-thing.pdf\"><em>The Real Thing: Testimonial Discourse and Latin America<\/em><\/a> (libro entero)<\/li>\n<li>Arturo Arias (ed), <a href=\"https:\/\/varioustexts.files.wordpress.com\/2017\/03\/arias_rigoberta-menchu-controversy.pdf\"><em>The Rigoberta Mench\u00fa Controversy<\/em><\/a> (libro entero)<\/li>\n<\/ul>\n","protected":false},"excerpt":{"rendered":"<p>Rodolfo Walsh, Operaci\u00f3n masacre (1957) Miguel Barnet, Biograf\u00eda de un cimarr\u00f3n (1966) Elena Poniatowska, La noche de Tlatelolco (1971) Elizabeth Burgos, Me llamo Rigoberta Mench\u00fa (1983) Mario Vargas Llosa, El hablador (1987) Ariel Dorfman, La muerte y la doncella (1990) Horacio Castellanos Moya, Insensatez (2004) Pablo Katchadjian, La cadena del des\u00e1nimo (2012) Wayne Booth (ed), [&hellip;]<\/p>\n","protected":false},"author":64,"featured_media":0,"parent":0,"menu_order":0,"comment_status":"closed","ping_status":"closed","template":"","meta":{"footnotes":""},"class_list":["post-13","page","type-page","status-publish","hentry"],"_links":{"self":[{"href":"https:\/\/blogs.ubc.ca\/span495\/wp-json\/wp\/v2\/pages\/13","targetHints":{"allow":["GET"]}}],"collection":[{"href":"https:\/\/blogs.ubc.ca\/span495\/wp-json\/wp\/v2\/pages"}],"about":[{"href":"https:\/\/blogs.ubc.ca\/span495\/wp-json\/wp\/v2\/types\/page"}],"author":[{"embeddable":true,"href":"https:\/\/blogs.ubc.ca\/span495\/wp-json\/wp\/v2\/users\/64"}],"replies":[{"embeddable":true,"href":"https:\/\/blogs.ubc.ca\/span495\/wp-json\/wp\/v2\/comments?post=13"}],"version-history":[{"count":17,"href":"https:\/\/blogs.ubc.ca\/span495\/wp-json\/wp\/v2\/pages\/13\/revisions"}],"predecessor-version":[{"id":208,"href":"https:\/\/blogs.ubc.ca\/span495\/wp-json\/wp\/v2\/pages\/13\/revisions\/208"}],"wp:attachment":[{"href":"https:\/\/blogs.ubc.ca\/span495\/wp-json\/wp\/v2\/media?parent=13"}],"curies":[{"name":"wp","href":"https:\/\/api.w.org\/{rel}","templated":true}]}}