{"id":3,"date":"2017-01-03T22:44:32","date_gmt":"2017-01-04T05:44:32","guid":{"rendered":"https:\/\/blogs.ubc.ca\/span495\/?page_id=3"},"modified":"2017-01-10T11:42:33","modified_gmt":"2017-01-10T18:42:33","slug":"programa","status":"publish","type":"page","link":"https:\/\/blogs.ubc.ca\/span495\/programa\/","title":{"rendered":"Programa"},"content":{"rendered":"<p>semana 1: No hay clase (MLA Congress)<\/p>\n<p>semana 2 (10 y 12 de enero): \u00bfQu\u00e9 es la investigaci\u00f3n? Wayne Booth, ed., <em>The Craft of Research<\/em> 1-16.<\/p>\n<p>semana 3 (17 y 19 de enero): Rodolfo Walsh, <em>Operaci\u00f3n masacre<\/em><\/p>\n<p>24 de enero: Wikipedia evaluaci\u00f3n de art\u00edculo<\/p>\n<p>semana 4 (24 y 26 de enero): Miguel Barnet, <em>Biograf\u00eda de un cimarr\u00f3n<\/em><\/p>\n<p>semana 5 (31 de enero y 2 de febrero): Elena Poniatowska, <em>La noche de Tlatelolco<\/em> 161-201<\/p>\n<p>semana 6 (7 y 9 de febrero): Elizabeth Burgos, <em>Me llamo Rigoberta Mench\u00fa<\/em> 7-127<\/p>\n<p>semana 7 (14 y 16 de febrero): Elizabeth Burgos, <em>Me llamo Rigoberta Mench\u00fa<\/em> 128-271<\/p>\n<p>semana 8: semana de lectura<\/p>\n<p>28 de febrero: Wikipedia tarea de investigaci\u00f3n<\/p>\n<p>semana 9 (28 de febrero y 2 de marzo): El debate sobre testimonio<\/p>\n<p>semana 10 (7 y 9 de marzo): La controvers\u00eda sobre Rigoberta Mench\u00fa<\/p>\n<p>semana 11 (14 y 16 de marzo): Mario Vargas Llosa, <em>El hablador<\/em><\/p>\n<p>semana 12 (21 y 23 de marzo): Ariel Dorfman, <em>La muerte y la doncella<\/em><\/p>\n<p>28 de marzo: Video rough cut<\/p>\n<p>semana 13 (28 y 30 de marzo): Horacio Castellanos Moya, <em>Insensatez<\/em><\/p>\n<p>6 de abril: Video final<\/p>\n<p>semana 14 (4 y 6 de abril): Pablo Katchadjian, <em>La cadena del des\u00e1nimo<\/em><\/p>\n<p>15 de abril: Wikipedia final<\/p>\n","protected":false},"excerpt":{"rendered":"<p>semana 1: No hay clase (MLA Congress) semana 2 (10 y 12 de enero): \u00bfQu\u00e9 es la investigaci\u00f3n? Wayne Booth, ed., The Craft of Research 1-16. semana 3 (17 y 19 de enero): Rodolfo Walsh, Operaci\u00f3n masacre 24 de enero: Wikipedia evaluaci\u00f3n de art\u00edculo semana 4 (24 y 26 de enero): Miguel Barnet, Biograf\u00eda de [&hellip;]<\/p>\n","protected":false},"author":64,"featured_media":0,"parent":0,"menu_order":0,"comment_status":"closed","ping_status":"closed","template":"","meta":{"footnotes":""},"class_list":["post-3","page","type-page","status-publish","hentry"],"_links":{"self":[{"href":"https:\/\/blogs.ubc.ca\/span495\/wp-json\/wp\/v2\/pages\/3","targetHints":{"allow":["GET"]}}],"collection":[{"href":"https:\/\/blogs.ubc.ca\/span495\/wp-json\/wp\/v2\/pages"}],"about":[{"href":"https:\/\/blogs.ubc.ca\/span495\/wp-json\/wp\/v2\/types\/page"}],"author":[{"embeddable":true,"href":"https:\/\/blogs.ubc.ca\/span495\/wp-json\/wp\/v2\/users\/64"}],"replies":[{"embeddable":true,"href":"https:\/\/blogs.ubc.ca\/span495\/wp-json\/wp\/v2\/comments?post=3"}],"version-history":[{"count":14,"href":"https:\/\/blogs.ubc.ca\/span495\/wp-json\/wp\/v2\/pages\/3\/revisions"}],"predecessor-version":[{"id":45,"href":"https:\/\/blogs.ubc.ca\/span495\/wp-json\/wp\/v2\/pages\/3\/revisions\/45"}],"wp:attachment":[{"href":"https:\/\/blogs.ubc.ca\/span495\/wp-json\/wp\/v2\/media?parent=3"}],"curies":[{"name":"wp","href":"https:\/\/api.w.org\/{rel}","templated":true}]}}