{"id":2,"date":"2011-09-07T16:59:44","date_gmt":"2011-09-07T16:59:44","guid":{"rendered":"https:\/\/blogs.ubc.ca\/span590\/?page_id=2"},"modified":"2011-09-07T10:03:05","modified_gmt":"2011-09-07T17:03:05","slug":"sample-page","status":"publish","type":"page","link":"https:\/\/blogs.ubc.ca\/span590\/sample-page\/","title":{"rendered":"Programa Tentativo"},"content":{"rendered":"<p>6 de septiembre:\u00a0\u00a0\u00a0\u00a0\u00a0\u00a0 introducciones; \u201cBorges y yo\u201d<\/p>\n<p>13 de septiembre:\u00a0\u00a0\u00a0\u00a0 <em>Fervor de Buenos Aires<\/em> (1923)<\/p>\n<p>20 de septiembre:\u00a0\u00a0\u00a0\u00a0 <em>Inquisiciones<\/em> (1925)<\/p>\n<p>27 de septiembre:\u00a0\u00a0\u00a0\u00a0 <em>Historia universal de la infamia<\/em> (1935)<\/p>\n<p>4 de octubre:\u00a0\u00a0\u00a0\u00a0\u00a0\u00a0\u00a0\u00a0\u00a0\u00a0\u00a0\u00a0 <em>Ficciones<\/em> (1944)<\/p>\n<p>11 de octubre:\u00a0\u00a0\u00a0\u00a0\u00a0\u00a0\u00a0\u00a0\u00a0\u00a0 <em>El Aleph<\/em> (1949)<\/p>\n<p>18 de octubre:\u00a0\u00a0\u00a0\u00a0\u00a0\u00a0\u00a0\u00a0\u00a0\u00a0 reflexiones<\/p>\n<p>25 de octubre:\u00a0\u00a0\u00a0\u00a0\u00a0\u00a0\u00a0\u00a0\u00a0\u00a0 <em>Otras inquisiciones<\/em> (1952)<\/p>\n<p>1 de noviembre:\u00a0\u00a0\u00a0\u00a0\u00a0\u00a0 <em>El hacedor<\/em> (1960)<\/p>\n<p>8 de noviembre:\u00a0\u00a0\u00a0\u00a0\u00a0\u00a0 <em>Cr\u00f3nicas de Bustos Domecq<\/em> (con Bioy Casares; 1967)<\/p>\n<p>15 de noviembre:\u00a0\u00a0\u00a0\u00a0 <em>El informe de Brodie<\/em> (1970)<\/p>\n<p>22 de noviembre:\u00a0\u00a0\u00a0\u00a0 <em>El libro de arena<\/em> (1975)<\/p>\n<p>29 de noviembre:\u00a0\u00a0\u00a0\u00a0 conclusiones; d\u00eda para terminar con el art\u00edculo de Wikipedia<\/p>\n<p>2 de diciembre:\u00a0\u00a0\u00a0\u00a0\u00a0\u00a0\u00a0\u00a0 d\u00eda para entregar los ensayos<\/p>\n<p><strong>SPAN590 &#8220;Studies in Peninsular and Latin American Culture: Jorge Luis Borges&#8221;<\/strong><\/p>\n<p>horario: los martes, 4-6pm, Buchanan 826<\/p>\n<p><em>Descripci\u00f3n<\/em>:\u00a0 El presupuesto de este curso es que para entender a Borges, o para comprender las razones por las cuales no lo vamos a entender, hay que leerlo y leerlo bien.\u00a0 El problema es que este es un escritor (m\u00e1s que muchos otros, quiz\u00e1s m\u00e1s que cualquier otro) quien desaf\u00eda a sus lectores, quien nos hace dudar sobre la posibilidad de leerlo bien, o de leerlo en s\u00ed.\u00a0 Aqu\u00ed, nuestra estrategia ser\u00e1 interpretar su obra y su vida como un solo proyecto intelectual (aunque sea un proyecto contradictorio, laber\u00edntico, lleno de fisuras y contradicciones).\u00a0 As\u00ed que el objetivo de este curso es intentar leer (y leer bien) todo lo que se pueda de este autor, de varios g\u00e9neros literarios: poes\u00eda, ensayo, cuentos.\u00a0 Es imposible leer todo, claro; pero no es la \u00fanica imposibilidad que nos propone la obra de Borges.<\/p>\n<p><em>Textos<\/em>: La lista de lecturas es una lista m\u00ednima.\u00a0 Dependiendo de nuestros intereses, podemos cambiarla o a\u00f1adir otros textos&#8230;<\/p>\n<p><em>Fervor de Buenos Aires<\/em> (1923)<\/p>\n<p><em>Inquisiciones<\/em> (1925)<\/p>\n<p><em>Historia universal de la infamia<\/em> (1935)<\/p>\n<p><em>Ficciones<\/em> (1944)<\/p>\n<p><em>El Aleph<\/em> (1949)<\/p>\n<p><em>Otras inquisiciones<\/em> (1952)<\/p>\n<p><em>El hacedor<\/em> (1960)<\/p>\n<p><em>Cr\u00f3nicas de Bustos Domecq<\/em> (con Bioy Casares; 1967)<\/p>\n<p><em>El informe de Brodie<\/em> (1970)<\/p>\n<p><em>El libro de arena<\/em> (1975)<\/p>\n<p>La mayor\u00eda de los textos est\u00e1n disponibles en la librer\u00eda de la universidad; los dem\u00e1s se pueden encontrar en l\u00ednea, en http:\/\/span590borges.wordpress.com.<\/p>\n<p><em>Blog<\/em>: Vamos a leer escribiendo.\u00a0 As\u00ed que tienes que establecer un blog, y escribir una respuesta semanalmente sobre la lectura.\u00a0 Recomiendo los siguientes sitios: www.blogger.com; www.wordpress.com; www.blogsome.com; weblogs.elearning.ubc.ca.\u00a0 Pero existen otros.\u00a0 Adem\u00e1s, cada semana escribir\u00e1s dos comentarios sobre las entradas de otros estudiantes.\u00a0 As\u00ed crearemos un recurso comunal como parte del curso.<\/p>\n<p><em>Wikipedia: <\/em>Tendr\u00e1n que escribir una entrada en Wikipedia (ampliamente referenciada), sobre uno de los cuentos de Borges que ya no tienen art\u00edculo.<\/p>\n<p><em>Forma de evaluaci\u00f3n<\/em>: 10 entradas en tu blog (15%); un art\u00edculo en Wikipedia (20%) y un ensayo final de 20-25 p\u00e1ginas (65%).<\/p>\n<p><em>El profesor<\/em>: Jon Beasley-Murray (jon.beasley-murray@ubc.ca). Sus horas de oficina son los martes, 2-3pm, BuTo 808.<\/p>\n","protected":false},"excerpt":{"rendered":"<p>6 de septiembre:\u00a0\u00a0\u00a0\u00a0\u00a0\u00a0 introducciones; \u201cBorges y yo\u201d 13 de septiembre:\u00a0\u00a0\u00a0\u00a0 Fervor de Buenos Aires (1923) 20 de septiembre:\u00a0\u00a0\u00a0\u00a0 Inquisiciones (1925) 27 de septiembre:\u00a0\u00a0\u00a0\u00a0 Historia universal de la infamia (1935) 4 de octubre:\u00a0\u00a0\u00a0\u00a0\u00a0\u00a0\u00a0\u00a0\u00a0\u00a0\u00a0\u00a0 Ficciones (1944) 11 de octubre:\u00a0\u00a0\u00a0\u00a0\u00a0\u00a0\u00a0\u00a0\u00a0\u00a0 El Aleph (1949) &hellip; <a href=\"https:\/\/blogs.ubc.ca\/span590\/sample-page\/\">Continue reading <span class=\"meta-nav\">&rarr;<\/span><\/a><\/p>\n","protected":false},"author":1532,"featured_media":0,"parent":0,"menu_order":0,"comment_status":"open","ping_status":"open","template":"","meta":{"footnotes":""},"class_list":["post-2","page","type-page","status-publish","hentry"],"_links":{"self":[{"href":"https:\/\/blogs.ubc.ca\/span590\/wp-json\/wp\/v2\/pages\/2","targetHints":{"allow":["GET"]}}],"collection":[{"href":"https:\/\/blogs.ubc.ca\/span590\/wp-json\/wp\/v2\/pages"}],"about":[{"href":"https:\/\/blogs.ubc.ca\/span590\/wp-json\/wp\/v2\/types\/page"}],"author":[{"embeddable":true,"href":"https:\/\/blogs.ubc.ca\/span590\/wp-json\/wp\/v2\/users\/1532"}],"replies":[{"embeddable":true,"href":"https:\/\/blogs.ubc.ca\/span590\/wp-json\/wp\/v2\/comments?post=2"}],"version-history":[{"count":2,"href":"https:\/\/blogs.ubc.ca\/span590\/wp-json\/wp\/v2\/pages\/2\/revisions"}],"predecessor-version":[{"id":4,"href":"https:\/\/blogs.ubc.ca\/span590\/wp-json\/wp\/v2\/pages\/2\/revisions\/4"}],"wp:attachment":[{"href":"https:\/\/blogs.ubc.ca\/span590\/wp-json\/wp\/v2\/media?parent=2"}],"curies":[{"name":"wp","href":"https:\/\/api.w.org\/{rel}","templated":true}]}}