{"id":116,"date":"2020-05-09T09:34:35","date_gmt":"2020-05-09T16:34:35","guid":{"rendered":"https:\/\/blogs.ubc.ca\/sula\/?page_id=116"},"modified":"2020-06-15T11:09:51","modified_gmt":"2020-06-15T18:09:51","slug":"sula-11","status":"publish","type":"page","link":"https:\/\/blogs.ubc.ca\/sula\/sula-11\/","title":{"rendered":"SULA 11"},"content":{"rendered":"<p>&nbsp;<\/p>\n<p>Date: August 5-8 2020<\/p>\n<p>Location: online<\/p>\n<p>Organizers: <span data-sheets-value=\"{&quot;1&quot;:2,&quot;2&quot;:&quot;Ana Aguilar Guevara (Universidad Nacional Aut\u00f3noma de M\u00e9xico), Renato Garc\u00eda Gonz\u00e1lez (Universidad Nacional Aut\u00f3noma de M\u00e9xico), Samuel Herrera Castro (Universidad Nacional Aut\u00f3noma de M\u00e9xico), Julia Pozas Loyo (El Colegio de M\u00e9xico), Rodrigo Romero M\u00e9ndez (Universidad Nacional Aut\u00f3noma de M\u00e9xico), Violeta V\u00e1zquez-Rojas Maldonado (El Colegio de M\u00e9xico)&quot;}\" data-sheets-userformat=\"{&quot;2&quot;:513,&quot;3&quot;:{&quot;1&quot;:0},&quot;12&quot;:0}\">Ana Aguilar Guevara, Renato Garc\u00eda Gonz\u00e1lez, Samuel Herrera Castro, Julia Pozas Loyo, Rodrigo Romero M\u00e9ndez, Violeta V\u00e1zquez-Rojas Maldonado <\/span><\/p>\n<p><span data-sheets-value=\"{&quot;1&quot;:2,&quot;2&quot;:&quot;Ana Aguilar Guevara (Universidad Nacional Aut\u00f3noma de M\u00e9xico), Renato Garc\u00eda Gonz\u00e1lez (Universidad Nacional Aut\u00f3noma de M\u00e9xico), Samuel Herrera Castro (Universidad Nacional Aut\u00f3noma de M\u00e9xico), Julia Pozas Loyo (El Colegio de M\u00e9xico), Rodrigo Romero M\u00e9ndez (Universidad Nacional Aut\u00f3noma de M\u00e9xico), Violeta V\u00e1zquez-Rojas Maldonado (El Colegio de M\u00e9xico)&quot;}\" data-sheets-userformat=\"{&quot;2&quot;:513,&quot;3&quot;:{&quot;1&quot;:0},&quot;12&quot;:0}\">Invited speakers: Emiliana Cruz, Martina Faller, Carolyn O&#8217;Meara, Justin Royer, Guillaume Thomas<\/span><\/p>\n<p><a href=\"https:\/\/sites.google.com\/view\/sula11mexico\/home\">Website<\/a><\/p>\n<p>&nbsp;<\/p>\n","protected":false},"excerpt":{"rendered":"<p>&nbsp; Date: August 5-8 2020 Location: online Organizers: Ana Aguilar Guevara, Renato Garc\u00eda Gonz\u00e1lez, Samuel Herrera Castro, Julia Pozas Loyo, Rodrigo Romero M\u00e9ndez, Violeta V\u00e1zquez-Rojas Maldonado Invited speakers: Emiliana Cruz, Martina Faller, Carolyn O&#8217;Meara, Justin Royer, Guillaume Thomas Website &nbsp;<\/p>\n","protected":false},"author":36268,"featured_media":0,"parent":0,"menu_order":0,"comment_status":"closed","ping_status":"closed","template":"","meta":{"footnotes":""},"class_list":["post-116","page","type-page","status-publish","hentry"],"_links":{"self":[{"href":"https:\/\/blogs.ubc.ca\/sula\/wp-json\/wp\/v2\/pages\/116","targetHints":{"allow":["GET"]}}],"collection":[{"href":"https:\/\/blogs.ubc.ca\/sula\/wp-json\/wp\/v2\/pages"}],"about":[{"href":"https:\/\/blogs.ubc.ca\/sula\/wp-json\/wp\/v2\/types\/page"}],"author":[{"embeddable":true,"href":"https:\/\/blogs.ubc.ca\/sula\/wp-json\/wp\/v2\/users\/36268"}],"replies":[{"embeddable":true,"href":"https:\/\/blogs.ubc.ca\/sula\/wp-json\/wp\/v2\/comments?post=116"}],"version-history":[{"count":6,"href":"https:\/\/blogs.ubc.ca\/sula\/wp-json\/wp\/v2\/pages\/116\/revisions"}],"predecessor-version":[{"id":131,"href":"https:\/\/blogs.ubc.ca\/sula\/wp-json\/wp\/v2\/pages\/116\/revisions\/131"}],"wp:attachment":[{"href":"https:\/\/blogs.ubc.ca\/sula\/wp-json\/wp\/v2\/media?parent=116"}],"curies":[{"name":"wp","href":"https:\/\/api.w.org\/{rel}","templated":true}]}}