{"id":2,"date":"2012-02-01T08:16:03","date_gmt":"2012-02-01T08:16:03","guid":{"rendered":"https:\/\/blogs.ubc.ca\/tertulia\/?page_id=2"},"modified":"2012-09-28T07:42:16","modified_gmt":"2012-09-28T14:42:16","slug":"sample-page","status":"publish","type":"page","link":"https:\/\/blogs.ubc.ca\/tertulia\/sample-page\/","title":{"rendered":"Acerca de la Tertulia"},"content":{"rendered":"<p><strong>La Tertulia<\/strong><\/p>\n<p>La tertulia del viernes est\u00e1 pensada para estudiantes cuya especializaci\u00f3n es espa\u00f1ol (minor &amp; major) y para aquellos interesados en practicar el idioma. Tiene como objetivo principal el desarrollo de la producci\u00f3n oral y auditiva, lo que permitir\u00e1 al estudiante emplear el lenguaje de forma natural.<\/p>\n<p>&nbsp;<\/p>\n<p>Como su definici\u00f3n se\u00f1ala, el t\u00e9rmino <strong>Tertulia<\/strong> se refiere a una reuni\u00f3n de personas que se juntan habitualmente para conversar. Es por ello que para estas tertulias es importane conversar, hacer preguntas, y expresar opiniones.<\/p>\n<p>&nbsp;<\/p>\n<p><strong>Objetivos<\/strong><\/p>\n<p>-Adquirir fluidez en el idioma<\/p>\n<p>-Mejorar tu aptitud comunicativa<\/p>\n<p>-Desarrollar un vocabulario amplio<\/p>\n<p>&nbsp;<\/p>\n<p><strong>Responsabilidades del estudiante<\/strong><strong><\/strong><\/p>\n<p><strong> <\/strong>-Participar en las conversaciones.<\/p>\n<p>&nbsp;<\/p>\n<p><strong>Informaci\u00f3n general<\/strong><\/p>\n<p>-\u00bfD\u00f3nde?: Room D-145 in the Arts Undergraduate Society at UBC<\/p>\n<p>-\u00bfCu\u00e1ndo?: Every other Friday from 12:00-13:00 pm.<\/p>\n<p>-Contact info: Olga L. Borges (<strong>olga.borges@ubc.ca<\/strong>)<\/p>\n<p>-No es necesario registrarse para asistir a la Tertulia de los viernes.<\/p>\n<p>&nbsp;<\/p>\n<p style=\"text-align: center;\"><strong>Calendario<\/strong><\/p>\n<table border=\"1\" cellspacing=\"0\" cellpadding=\"0\">\n<tbody>\n<tr>\n<td valign=\"top\" width=\"211\">\u00a0<span style=\"color: #ff0000;\"><strong>Septiembre<\/strong><\/span><\/td>\n<td valign=\"top\" width=\"211\"><span style=\"color: #ff0000;\"><strong>\u00a0Octubre<\/strong><\/span><\/td>\n<td valign=\"top\" width=\"211\"><span style=\"color: #ff0000;\"><strong>\u00a0Noviembre<\/strong><\/span><\/td>\n<\/tr>\n<tr>\n<td valign=\"top\" width=\"211\"><strong>\u00a028<\/strong><\/td>\n<td valign=\"top\" width=\"211\"><strong>\u00a012<\/strong><\/td>\n<td valign=\"top\" width=\"211\"><strong>\u00a09<\/strong><\/td>\n<\/tr>\n<tr>\n<td valign=\"top\" width=\"211\"><strong>\u00a0<\/strong><\/td>\n<td valign=\"top\" width=\"211\"><strong>\u00a026<\/strong><\/td>\n<td valign=\"top\" width=\"211\"><strong>\u00a023<\/strong><\/td>\n<\/tr>\n<\/tbody>\n<\/table>\n<p>&nbsp;<\/p>\n<p>&nbsp;<\/p>\n<p>&nbsp;<\/p>\n<p>Blog: <a href=\"..\/\">https:\/\/blogs.ubc.ca\/tertulia\/<\/a><\/p>\n<p>&nbsp;<\/p>\n<p>&nbsp;<\/p>\n<p>&nbsp;<\/p>\n","protected":false},"excerpt":{"rendered":"<p>La Tertulia La tertulia del viernes est\u00e1 pensada para estudiantes cuya especializaci\u00f3n es espa\u00f1ol (minor &amp; major) y para aquellos interesados en practicar el idioma. Tiene como objetivo principal el desarrollo de la producci\u00f3n oral y auditiva, lo que permitir\u00e1 al estudiante emplear el lenguaje de forma natural. &nbsp; Como su definici\u00f3n se\u00f1ala, el t\u00e9rmino [&hellip;]<\/p>\n","protected":false},"author":6729,"featured_media":0,"parent":0,"menu_order":0,"comment_status":"open","ping_status":"open","template":"","meta":{"footnotes":""},"class_list":["post-2","page","type-page","status-publish","hentry"],"_links":{"self":[{"href":"https:\/\/blogs.ubc.ca\/tertulia\/wp-json\/wp\/v2\/pages\/2","targetHints":{"allow":["GET"]}}],"collection":[{"href":"https:\/\/blogs.ubc.ca\/tertulia\/wp-json\/wp\/v2\/pages"}],"about":[{"href":"https:\/\/blogs.ubc.ca\/tertulia\/wp-json\/wp\/v2\/types\/page"}],"author":[{"embeddable":true,"href":"https:\/\/blogs.ubc.ca\/tertulia\/wp-json\/wp\/v2\/users\/6729"}],"replies":[{"embeddable":true,"href":"https:\/\/blogs.ubc.ca\/tertulia\/wp-json\/wp\/v2\/comments?post=2"}],"version-history":[{"count":19,"href":"https:\/\/blogs.ubc.ca\/tertulia\/wp-json\/wp\/v2\/pages\/2\/revisions"}],"predecessor-version":[{"id":21,"href":"https:\/\/blogs.ubc.ca\/tertulia\/wp-json\/wp\/v2\/pages\/2\/revisions\/21"}],"wp:attachment":[{"href":"https:\/\/blogs.ubc.ca\/tertulia\/wp-json\/wp\/v2\/media?parent=2"}],"curies":[{"name":"wp","href":"https:\/\/api.w.org\/{rel}","templated":true}]}}