{"id":27,"date":"2019-02-10T22:11:25","date_gmt":"2019-02-11T05:11:25","guid":{"rendered":"https:\/\/blogs.ubc.ca\/transformativememory\/?page_id=27"},"modified":"2020-06-25T14:13:17","modified_gmt":"2020-06-25T21:13:17","slug":"transformative-memory-partnership","status":"publish","type":"page","link":"https:\/\/blogs.ubc.ca\/transformativememory\/","title":{"rendered":"Transformative Memory: An International Network"},"content":{"rendered":"<p>The Transformative Memory Partnership fosters knowledge exchanges and creation across diverse landscapes of loss with artists, academics, social leaders and movements across Canada, Colombia, Indonesia, Uganda, Peru, Northern Ireland and the United States.<\/p>\n<p><img loading=\"lazy\" decoding=\"async\" class=\"wp-image-117 alignright\" src=\"https:\/\/blogs.ubc.ca\/transformativememory\/files\/2019\/02\/logo-para-firma-mail--150x150.png\" alt=\"\" width=\"178\" height=\"178\" \/><\/p>\n<p>We ask:<\/p>\n<ol>\n<li>What makes memory transformative? Transformative of what, who, when?<\/li>\n<li>When is memory transformative of relations of oppression, dispossession and power? When is it not?<\/li>\n<li>How do place based and relational ways of knowing inform ways of being, and being together? How do they challenge or contest assumptions about memory and transformative memory?<\/li>\n<\/ol>\n<p>&nbsp;<\/p>\n<p>The partnership host is the University of British Colombia located on the unceded territory of the Coast Salish Peoples, including the territories of the xwm\u0259\u03b8kw\u0259y\u0313\u0259m (Musqueam), Skwxw\u00fa7mesh (Squamish), St\u00f3:l\u014d and S\u0259l\u0313\u00edlw\u0259ta\u0294\/Selilwitulh (Tsleil- Waututh) Nations.<\/p>\n","protected":false},"excerpt":{"rendered":"<p>The Transformative Memory Partnership fosters knowledge exchanges and creation across diverse landscapes of loss with artists, academics, social leaders and movements across Canada, Colombia, Indonesia, Uganda, Peru, Northern Ireland and the United States. We ask: What makes memory transformative? Transformative of what, who, when? When is memory transformative of relations of oppression, dispossession and power? [&hellip;]<\/p>\n","protected":false},"author":62305,"featured_media":0,"parent":0,"menu_order":0,"comment_status":"closed","ping_status":"closed","template":"","meta":{"footnotes":""},"class_list":["post-27","page","type-page","status-publish","hentry"],"_links":{"self":[{"href":"https:\/\/blogs.ubc.ca\/transformativememory\/wp-json\/wp\/v2\/pages\/27","targetHints":{"allow":["GET"]}}],"collection":[{"href":"https:\/\/blogs.ubc.ca\/transformativememory\/wp-json\/wp\/v2\/pages"}],"about":[{"href":"https:\/\/blogs.ubc.ca\/transformativememory\/wp-json\/wp\/v2\/types\/page"}],"author":[{"embeddable":true,"href":"https:\/\/blogs.ubc.ca\/transformativememory\/wp-json\/wp\/v2\/users\/62305"}],"replies":[{"embeddable":true,"href":"https:\/\/blogs.ubc.ca\/transformativememory\/wp-json\/wp\/v2\/comments?post=27"}],"version-history":[{"count":8,"href":"https:\/\/blogs.ubc.ca\/transformativememory\/wp-json\/wp\/v2\/pages\/27\/revisions"}],"predecessor-version":[{"id":346,"href":"https:\/\/blogs.ubc.ca\/transformativememory\/wp-json\/wp\/v2\/pages\/27\/revisions\/346"}],"wp:attachment":[{"href":"https:\/\/blogs.ubc.ca\/transformativememory\/wp-json\/wp\/v2\/media?parent=27"}],"curies":[{"name":"wp","href":"https:\/\/api.w.org\/{rel}","templated":true}]}}