{"id":71,"date":"2016-03-17T16:29:44","date_gmt":"2016-03-17T23:29:44","guid":{"rendered":"https:\/\/blogs.ubc.ca\/wildlifefeeding\/?page_id=71"},"modified":"2016-03-30T20:37:51","modified_gmt":"2016-03-31T03:37:51","slug":"references","status":"publish","type":"page","link":"https:\/\/blogs.ubc.ca\/wildlifefeeding\/references\/","title":{"rendered":"References"},"content":{"rendered":"<p><strong>Content:<\/strong><\/p>\n<p>Alameda County Health Agency Care Services. 2009. The Negative Effects of Feeding\u00a0Wildlife. Available at: http:\/\/www.acvcsd.org\/documents\/Wildlife_negative_effects_of_feeding.pdf. Accessed Mar. 1, 2016.<\/p>\n<p>Andreassen, H. P., Gundersen, H., Storaas, T. 2005. The effect of scent-marking, forest\u00a0clearing, and supplemental feeding on moose-train collisions. Journal of Wildlife\u00a0Management 69: 1125-1132.<\/p>\n<p>Australian Wildlife Society. 2016. Feeding native animals\u2014information about feeding\u00a0native Australian animals. Available at: http:\/\/www.australianwildlife.net.au\/pdf\/school\/Feeding_native_animals.pdf. Accessed Mar. 19, 2016.<\/p>\n<p>BC Laws. 2015. Wildlife Act. Available at:\u00a0\u00a0 http:\/\/www.bclaws.ca\/Recon\/document\/ID\/freeside\/00_96488_01.\u00a0Accessed Mar. 1, 2016<\/p>\n<p>BC SPCA: Wild ARC. 2016. Wildlife Feeding Issues. Available at:\u00a0\u00a0\u00a0\u00a0\u00a0\u00a0\u00a0\u00a0\u00a0\u00a0\u00a0 http:\/\/www.spca.bc.ca\/branches\/wild-arc\/resources\/wildlife-feeding-issues.html?referrer=https:\/\/www.google.ca\/. Accessed Mar. 1, 2016.<\/p>\n<p>Brittingham, M. C., &amp; Temple, S. A. 1992. Does winter bird feeding promote dependency?Journal of Field Ornithology 63: 190\u2013194.<\/p>\n<p>CBC News. 2015. Deer scares Princeton family, stomps on pet dogs. Available at:\u00a0http:\/\/www.cbc.ca\/news\/canada\/british-columbia\/deer-scares-princeton-family-stomps-on-pet-dogs-1.2974880. Accessed Mar. 19, 2016.<\/p>\n<p>City of Burnaby. 2016. Burnaby\u2019s Automated Garbage &amp; Yard Waste Collection\u00a0Frequently Asked Questions. Available at: https:\/\/www.burnaby.ca\/Assets\/city+services\/garbage +and+recycling\/education+and+guidelines\/Automated+Garbage+$!26+Yard+Waste+FAQs.pdf. Accessed Mar. 9, 2016.<\/p>\n<p>Dubois, S. and Fraser, D. 2013. A framework to evaluate wildlife feeding in research,\u00a0wildlife management, tourism and recreation. Animals 3: 978-994.<\/p>\n<p>Evans, B. 2013. The zoo where the HUMANS are kept behind bars: Tourists locked in cage\u00a0for close encounter with hungry lions. Available at:\u00a0http:\/\/www.dailymail.co.uk\/news\/article-2402713\/Orana-Wildlife-Park-New-Zealand-The-zoo-tourists-caged-close-encounter-lions.html. Accessed Mar. 9, 2016.<\/p>\n<p>Government of British Columbia. 2016. <em>Wildlife Act<\/em> Permit Regulation. Available at:\u00a0http:\/\/www.env.gov.bc.ca\/pasb\/fw_permreg.html. Accessed Mar. 1, 2016.<\/p>\n<p>Latt, P. 2016. Chongqing theme park has a new ride that lets you feed lions and tiger from\u00a0the comfort of a mobile cage. Available at: http:\/\/shanghaiist.com\/2016\/01\/11\/feeding_tigers_tour.php. Accessed Mar. 9, 2016.<\/p>\n<p>Mallick, M. A. and Driessen, M. M. 2003. Feeding of wildlife: How effective are the \u2018Keep\u00a0Wildlife Wild\u2019 signs in Tasmania\u2019s national parks?. Ecological Management and\u00a0Restoration 4: 199-204<\/p>\n<p>Marion, J. L., Dvorak, R. G., and Manning, R. E. 2008. Wildlife feeding in parks: Methods for\u00a0monitoring the effectiveness of educational interventions and wildlife food\u00a0\u00a0\u00a0 attraction behaviors. Human Dimensions of Wildlife 13: 429-442.<\/p>\n<p>McKie, R. 2010. Chimps with everything: Jane Goodall&#8217;s 50 years in the jungle. Available at:\u00a0https:\/\/www.theguardian.com\/science\/2010\/jun\/27\/jane-goodall-chimps-africa-interview. Accessed Mar. 9, 2016.<\/p>\n<p>Me\u0301nard, N., Foulquier, A., Vallet, D., Qarro, M., Le Gouar, P., and Pierre, J.S. 2013. How\u00a0tourism and pastoralism influence population demographic changes in a threatened\u00a0large mammal species. Animal Conservation 17: 115-124.<\/p>\n<p>Milner, J. M., Van Beest, F. M, Schmidt, K. T., Brook, R. K., Storaas, T. 2014. To feed or not to\u00a0feed? Evidence of the intended and unintended effects of feeding wild ungulates.\u00a0The Journal of Wildlife Management 78: 1322-1334.<\/p>\n<p>Orams, M. B. 2002. Feeding wildlife as a tourism attraction: a review of issues and impacts.\u00a0Tourism Management 23: 281-293.<\/p>\n<p>Partridge, S. T., Nolte, D. L., Ziegltrum, G. J., Robbins, C. T. 2001. Impacts of supplemental\u00a0feeding on the nutritional ecology of black bears. The Journal of Wildlife\u00a0Management 65: 191-199.<\/p>\n<p>Q13 Fox. 2013. Aggressive sea lions said to chase dogs, people, and rankle fishermen.\u00a0Available at: http:\/\/q13fox.com\/2013\/09\/26\/sea-lions-getting-aggressive-in-westport\/. Accessed Mar. 19, 2016.<\/p>\n<p>Schweig, S. V. 2016. Zoo Lets People Feed LIVE Animals To Hungry Tigers.\u00a0Available at: https:\/\/www.thedodo.com\/theme-park-caged-humans-feed-cats-1548466852.html. Accessed Mar. 9, 2016.<\/p>\n<p>Sorensen, A., van Beest, F. M., and Brook, R. K. 2014. Impacts of wildlife baiting and\u00a0\u00a0 supplemental feeding on infectious disease transmission risk: A synthesis of knowledge. Preventative Veterinary Medicine 113: 356-363.<\/p>\n<p>Tegt, S. 2014. Feeding wildlife in the winter is not really a good idea. Available at:\u00a0http:\/\/msucares.com\/news\/print\/extension_outdoors\/2014\/eo20141226.html.\u00a0Accessed Mar. 9, 2016.<\/p>\n<p>The Humane Society of the United States. 2013. Four reasons not to feed wildlife.Available at: http:\/\/www.humanesociety.org\/animals\/resources\/tips\/feed_wildlife.html?referrer=https:\/\/www.google.ca\/?referrer=http:\/\/www.humanesociety.org\/animals\/resources\/tips\/feed_wildlife.html. Accessed Mar. 19, 2016.<\/p>\n<p>World Heath Organization. 2016. Zoonoses and the Human-Animal-Ecosystems Interface.\u00a0Available at: http:\/\/www.who.int\/zoonoses\/en\/. Accessed Mar. 19, 2016.<\/p>\n<p>Zuberogoitia, I., Gonz\u00e1lez-Oreja, J. A., Mart\u00ednez, J. E., Zabala, J., G\u00f3mez, I., L\u00f3pez-L\u00f3pez, P. 2013.\u00a0Foraging movements of Eurasian griffon vultures (<em>Gyps fulvus<\/em>): Implications\u00a0for supplementary feeding management. European Journal of Wildlife Research 59:421-429.<\/p>\n<p>&#8212;&#8212;&#8211;<\/p>\n<p><strong>Images:<\/strong><\/p>\n<p>http:\/\/dailycorn.whg-dev2.com\/portals\/9\/Images\/DNN\/Daily%20Farms\/daily-family-farms-hope-indiana-nuthatch-bird.jpg<\/p>\n<p>http:\/\/www.techtimes.com\/articles\/93752\/20151011\/taming-effect-of-eco-tourism-could-leave-wildlife-more-vulnerable-to-predators-new-study-says.htm<\/p>\n<p>http:\/\/i.kinja-img.com\/gawker-media\/image\/upload\/s&#8211;SOeSbsF1&#8211;\/pc0jkvmsnkzqxqspbctu.jpg<\/p>\n<p>https:\/\/upload.wikimedia.org\/wikipedia\/commons\/c\/ce\/Orana_Wildlife_Park_feeding_lions.jpg<\/p>\n<p>https:\/\/lmnhs.bc.ca\/wp\/wp-content\/uploads\/2014\/03\/bc-government-logo-coloured.jpg<\/p>\n<p>http:\/\/static.theglobeandmail.ca\/6fd\/news\/british-columbia\/article17847878.ece\/ALTERNATES\/w620\/bc-recycle07nw1.JPG<\/p>\n<p>http:\/\/temagami.ca\/images\/filecabinet\/folder25\/black_bear_standing.jpg<\/p>\n<p>https:\/\/birdwatchingmurcia.files.wordpress.com\/2013\/02\/17-birding-murcia-sudhir-garg-eurasian-griffon-vulture.jpg<\/p>\n<p>http:\/\/www.crpd.org\/images\/DontFeedWildlife_2.png<\/p>\n<p>http:\/\/facultyfiles.deanza.edu\/images\/donahuemary\/keepwildlifewild.jpg<\/p>\n<p>http:\/\/www.humanesociety.org\/assets\/images\/270&#215;224\/animals\/ squirrels\/squirrel_feeding_from_hand_270x224.jpg<\/p>\n<p>http:\/\/www.wildlife.org.au\/wildlife\/livingwithwildlife\/image\/rainbows.jpg<\/p>\n<p>http:\/\/networkcity.org\/files\/Deer_Candy_feeding_station.jpg<\/p>\n<p>http:\/\/d26j9nk90wf3d1.cloudfront.net\/wp-content\/uploads\/648_jane_goodall.jpg<\/p>\n<p>http:\/\/www.gardeningknowhow.com\/wp-content\/uploads\/2013\/01\/bird-feeder1-400&#215;267.jpg<\/p>\n<p>http:\/\/s2.dmcdn.net\/Fbj_I\/x240-ae9.jpg<\/p>\n<p>http:\/\/www.outlookindia.com\/public\/uploads\/images_old\/monkey_2_20040927.jpg<\/p>\n<p>http:\/\/www.patriotpestsolutions.net\/img\/raccoon-removal-control-pennsylvania.png<\/p>\n<p>http:\/\/research.microsoft.com\/en-us\/um\/people\/zhang\/Picts\/080719DeerInBackyard\/DeerInBackyard.jpg<\/p>\n<p>http:\/\/huntfish.mdc.mo.gov\/sites\/default\/files\/styles\/centered_full\/public\/media\/page\/17-CWD-Mike-Hopper,-Kansas-Dept.-of-Wildlife,-Parks-and-TourismCMYK_0.jpg?itok=6tVkfeuR<\/p>\n<p>http:\/\/cdn.c.photoshelter.com\/img-get\/I0000x606et0uWz4\/s\/850\/850\/JE220313F092.jpg<\/p>\n<p>http:\/\/spencerpest.com\/sps\/wp-content\/uploads\/2014\/04\/rabies-virus-spencer-pest-control.jpg<\/p>\n<p>https:\/\/upload.wikimedia.org\/wikipedia\/commons\/c\/c1\/Swarm_of_Canada_geese_in_winter.jpg<\/p>\n<p>http:\/\/s7d2.scene7.com\/is\/image\/woodstream\/hh-animals-raccoon-4?$ProductPgLarge2$<\/p>\n<blockquote class=\"reddit-embed-bq\" style=\"height:500px\" ><p><a href=\"https:\/\/www.reddit.com\/r\/AdviceAnimals\/comments\/2b1r5j\/responsible_raccoon\/\">Responsible Raccoon<\/a><br \/> by<a href=\"https:\/\/www.reddit.com\/user\/RhinoStoner\/\">u\/RhinoStoner<\/a> in<a href=\"https:\/\/www.reddit.com\/r\/AdviceAnimals\/\">AdviceAnimals<\/a><\/p><\/blockquote>\n<p><script async src=\"https:\/\/embed.reddit.com\/widgets.js\" charset=\"UTF-8\"><\/script><\/p>\n<p>http:\/\/i.dailymail.co.uk\/i\/pix\/2012\/11\/08\/article-2229728-15E9419E000005DC-302_634x884.jpg<\/p>\n<p>http:\/\/www.scholastic.com\/content\/images\/articles\/sn_ts\/sn_ts_042109_fixed.jpg<\/p>\n","protected":false},"excerpt":{"rendered":"<p>Content: Alameda County Health Agency Care Services. 2009. The Negative Effects of Feeding\u00a0Wildlife. Available at: http:\/\/www.acvcsd.org\/documents\/Wildlife_negative_effects_of_feeding.pdf. Accessed Mar. 1, 2016. Andreassen, H. P., Gundersen, H., Storaas, T. 2005. The effect of scent-marking, forest\u00a0clearing, and supplemental feeding on moose-train collisions. Journal &hellip; <a href=\"https:\/\/blogs.ubc.ca\/wildlifefeeding\/references\/\">Continue reading <span class=\"meta-nav\">&rarr;<\/span><\/a><\/p>\n","protected":false},"author":34285,"featured_media":0,"parent":0,"menu_order":5,"comment_status":"closed","ping_status":"closed","template":"","meta":{"footnotes":""},"class_list":["post-71","page","type-page","status-publish","hentry"],"_links":{"self":[{"href":"https:\/\/blogs.ubc.ca\/wildlifefeeding\/wp-json\/wp\/v2\/pages\/71","targetHints":{"allow":["GET"]}}],"collection":[{"href":"https:\/\/blogs.ubc.ca\/wildlifefeeding\/wp-json\/wp\/v2\/pages"}],"about":[{"href":"https:\/\/blogs.ubc.ca\/wildlifefeeding\/wp-json\/wp\/v2\/types\/page"}],"author":[{"embeddable":true,"href":"https:\/\/blogs.ubc.ca\/wildlifefeeding\/wp-json\/wp\/v2\/users\/34285"}],"replies":[{"embeddable":true,"href":"https:\/\/blogs.ubc.ca\/wildlifefeeding\/wp-json\/wp\/v2\/comments?post=71"}],"version-history":[{"count":20,"href":"https:\/\/blogs.ubc.ca\/wildlifefeeding\/wp-json\/wp\/v2\/pages\/71\/revisions"}],"predecessor-version":[{"id":184,"href":"https:\/\/blogs.ubc.ca\/wildlifefeeding\/wp-json\/wp\/v2\/pages\/71\/revisions\/184"}],"wp:attachment":[{"href":"https:\/\/blogs.ubc.ca\/wildlifefeeding\/wp-json\/wp\/v2\/media?parent=71"}],"curies":[{"name":"wp","href":"https:\/\/api.w.org\/{rel}","templated":true}]}}